{"id":53524,"date":"2024-01-26T14:48:58","date_gmt":"2024-01-26T13:48:58","guid":{"rendered":"https:\/\/poivre-blanc.com\/be\/en-liste-de-souhaits\/"},"modified":"2025-05-19T18:00:19","modified_gmt":"2025-05-19T16:00:19","slug":"liste-de-souhaits","status":"publish","type":"page","link":"https:\/\/poivre-blanc.com\/be\/en\/liste-de-souhaits\/","title":{"rendered":"Wish List"},"content":{"rendered":"\t\t<div data-elementor-type=\"wp-page\" data-elementor-id=\"53524\" class=\"elementor elementor-53524 elementor-1655\" data-elementor-post-type=\"page\">\n\t\t\t\t<div class=\"elementor-element elementor-element-294446bf e-flex e-con-boxed e-con e-parent\" data-id=\"294446bf\" data-element_type=\"container\">\n\t\t\t\t\t<div class=\"e-con-inner\">\n\t\t\t\t<div class=\"elementor-element elementor-element-a18d79a elementor-widget elementor-widget-heading\" data-id=\"a18d79a\" data-element_type=\"widget\" data-widget_type=\"heading.default\">\n\t\t\t\t<div class=\"elementor-widget-container\">\n\t\t\t\t\t<h1 class=\"elementor-heading-title elementor-size-default\">My favorites list<\/h1>\t\t\t\t<\/div>\n\t\t\t\t<\/div>\n\t\t\t\t<div class=\"elementor-element elementor-element-fc3811a elementor-widget-divider--view-line elementor-widget elementor-widget-divider\" data-id=\"fc3811a\" data-element_type=\"widget\" data-widget_type=\"divider.default\">\n\t\t\t\t<div class=\"elementor-widget-container\">\n\t\t\t\t\t\t\t<div class=\"elementor-divider\">\n\t\t\t<span class=\"elementor-divider-separator\">\n\t\t\t\t\t\t<\/span>\n\t\t<\/div>\n\t\t\t\t\t\t<\/div>\n\t\t\t\t<\/div>\n\t\t\t\t<div class=\"elementor-element elementor-element-cd9b6e9 elementor-widget elementor-widget-yith_wcwl_wishlist\" data-id=\"cd9b6e9\" data-element_type=\"widget\" data-widget_type=\"yith_wcwl_wishlist.default\">\n\t\t\t\t<div class=\"elementor-widget-container\">\n\t\t\t\t\t\n\n\n\n<form\n\tid=\"yith-wcwl-form\"\n\taction=\"https:\/\/poivre-blanc.com\/be\/wishlist\/\"\n\tmethod=\"post\"\n\tclass=\"woocommerce yith-wcwl-form wishlist-fragment\"\n\tdata-fragment-options=\"{&quot;per_page&quot;:5,&quot;current_page&quot;:1,&quot;pagination&quot;:&quot;no&quot;,&quot;wishlist_id&quot;:false,&quot;action_params&quot;:false,&quot;no_interactions&quot;:false,&quot;layout&quot;:&quot;&quot;,&quot;wishlist&quot;:false,&quot;is_default&quot;:true,&quot;is_custom_list&quot;:false,&quot;wishlist_token&quot;:&quot;&quot;,&quot;is_private&quot;:false,&quot;count&quot;:0,&quot;page_title&quot;:&quot;Mes favoris&quot;,&quot;default_wishlsit_title&quot;:&quot;Mes favoris&quot;,&quot;page_links&quot;:false,&quot;is_user_logged_in&quot;:false,&quot;is_user_owner&quot;:true,&quot;can_user_edit_title&quot;:false,&quot;show_price&quot;:true,&quot;show_dateadded&quot;:true,&quot;show_stock_status&quot;:true,&quot;show_add_to_cart&quot;:true,&quot;show_remove_product&quot;:true,&quot;add_to_cart_text&quot;:&quot;Ajouter au panier&quot;,&quot;show_ask_estimate_button&quot;:false,&quot;ask_estimate_url&quot;:false,&quot;price_excl_tax&quot;:false,&quot;show_cb&quot;:false,&quot;show_quantity&quot;:false,&quot;show_variation&quot;:true,&quot;show_price_variations&quot;:false,&quot;show_update&quot;:false,&quot;enable_drag_n_drop&quot;:false,&quot;enable_add_all_to_cart&quot;:false,&quot;move_to_another_wishlist&quot;:false,&quot;repeat_remove_button&quot;:false,&quot;show_last_column&quot;:true,&quot;heading_icon&quot;:&quot;&lt;svg id=\\&quot;yith-wcwl-icon-heart-outline\\&quot; class=\\&quot;yith-wcwl-icon-svg\\&quot; fill=\\&quot;none\\&quot; stroke-width=\\&quot;1.5\\&quot; stroke=\\&quot;currentColor\\&quot; viewBox=\\&quot;0 0 24 24\\&quot; xmlns=\\&quot;http:\\\/\\\/www.w3.org\\\/2000\\\/svg\\&quot;&gt;\\n  &lt;path stroke-linecap=\\&quot;round\\&quot; stroke-linejoin=\\&quot;round\\&quot; d=\\&quot;M21 8.25c0-2.485-2.099-4.5-4.688-4.5-1.935 0-3.597 1.126-4.312 2.733-.715-1.607-2.377-2.733-4.313-2.733C5.1 3.75 3 5.765 3 8.25c0 7.22 9 12 9 12s9-4.78 9-12Z\\&quot;&gt;&lt;\\\/path&gt;\\n&lt;\\\/svg&gt;&quot;,&quot;share_enabled&quot;:false,&quot;template_part&quot;:&quot;view&quot;,&quot;additional_info&quot;:false,&quot;available_multi_wishlist&quot;:false,&quot;form_action&quot;:&quot;https:\\\/\\\/poivre-blanc.com\\\/be\\\/wishlist\\\/&quot;,&quot;ask_an_estimate_classes&quot;:&quot;&quot;,&quot;ask_an_estimate_icon&quot;:&quot;&quot;,&quot;ask_an_estimate_text&quot;:&quot;&quot;,&quot;additional_info_label&quot;:false,&quot;move_to_another_wishlist_type&quot;:&quot;select&quot;,&quot;move_to_another_wishlist_url&quot;:false,&quot;item&quot;:&quot;wishlist&quot;}\"\n>\n\n\t<!-- TITLE -->\n\t\t\t<div class=\"wishlist-title-container\">\n\t\t\t<div class=\"wishlist-title \">\n\t\t\t\t<h2>Mes favoris<\/h2>\t\t\t\t\t\t\t<\/div>\n\t\t\t\t\t<\/div>\n\t\n\n<!-- WISHLIST TABLE -->\n<table\n\tclass=\"shop_table cart wishlist_table wishlist_view traditional responsive   \"\n\tdata-pagination=\"no\" data-per-page=\"5\" data-page=\"1\"\n\tdata-id=\"\" data-token=\"\">\n\n\t\n\t<thead>\n\t<tr>\n\t\t\n\t\t\t\t\t\t\t\t<th class=\"product-remove\">\n\t\t\t\t<span class=\"nobr\">\n\t\t\t\t\t\t\t\t\t<\/span>\n\t\t\t<\/th>\n\t\t\n\t\t<th class=\"product-thumbnail\"><\/th>\n\n\t\t<th class=\"product-name\">\n\t\t\t<span class=\"nobr\">\n\t\t\t\tProduct name\t\t\t<\/span>\n\t\t<\/th>\n\n\t\t\t\t\t\t\t\t<th class=\"product-price\">\n\t\t\t\t<span class=\"nobr\">\n\t\t\t\t\tUnit price\t\t\t\t<\/span>\n\t\t\t<\/th>\n\t\t\n\t\t\n\t\t\t\t\t\t\t\t<th class=\"product-stock-status\">\n\t\t\t\t<span class=\"nobr\">\n\t\t\t\t\tStock status\t\t\t\t<\/span>\n\t\t\t<\/th>\n\t\t\n\t\t\t\t\t\t\t\t<th class=\"product-add-to-cart\">\n\t\t\t\t<span class=\"nobr\">\n\t\t\t\t\t\t\t\t\t<\/span>\n\t\t\t<\/th>\n\t\t\n\t\t\t<\/tr>\n\t<\/thead>\n\n\t<tbody class=\"wishlist-items-wrapper\">\n\t\t\t<tr>\n\t\t\t\t\t\t<td colspan=\"6\" class=\"wishlist-empty\">No products added to the wishlist<\/td>\n\t\t<\/tr>\n\t\t\t<\/tbody>\n\n<\/table>\n\n<div class=\"yith_wcwl_wishlist_footer\">\n\t\n\n\t\n\n\t\n\t<\/div>\n\n<input type=\"hidden\" id=\"yith_wcwl_edit_wishlist\" name=\"yith_wcwl_edit_wishlist\" value=\"23fbd17456\" \/><input type=\"hidden\" name=\"_wp_http_referer\" value=\"\/be\/en\/wp-json\/wp\/v2\/pages\/53524\" \/><input type=\"hidden\" value=\"\" name=\"wishlist_id\" id=\"wishlist_id\">\n\n\n<\/form>\n\n\n\n\t\t\t\t<\/div>\n\t\t\t\t<\/div>\n\t\t\t\t\t<\/div>\n\t\t\t\t<\/div>\n\t\t<div class=\"elementor-element elementor-element-9835069 e-flex e-con-boxed e-con e-parent\" data-id=\"9835069\" data-element_type=\"container\" data-settings=\"{&quot;background_background&quot;:&quot;classic&quot;}\">\n\t\t\t\t\t<div class=\"e-con-inner\">\n\t\t<div class=\"elementor-element elementor-element-f17c225 e-con-full e-flex e-con e-child\" data-id=\"f17c225\" data-element_type=\"container\">\n\t\t\t\t<div class=\"elementor-element elementor-element-a8271ed elementor-view-default elementor-position-top elementor-mobile-position-top elementor-widget elementor-widget-icon-box\" data-id=\"a8271ed\" data-element_type=\"widget\" data-widget_type=\"icon-box.default\">\n\t\t\t\t<div class=\"elementor-widget-container\">\n\t\t\t\t\t\t\t<div class=\"elementor-icon-box-wrapper\">\n\n\t\t\t\t\t\t<div class=\"elementor-icon-box-icon\">\n\t\t\t\t<span  class=\"elementor-icon\">\n\t\t\t\t<svg xmlns=\"http:\/\/www.w3.org\/2000\/svg\" viewBox=\"0 0 64 64\"><g data-name=\"22 online shop\" id=\"_22_online_shop\"><path d=\"M13.88,42.2,19.71,39H47.63a3.988,3.988,0,0,0,3.49-2.06l8.89-16a3.979,3.979,0,0,0-.29-4.35l-1.14-1.51a4,4,0,0,0-3.21-1.6H50.54a14.761,14.761,0,0,0-2.08-3.31c-.01-.01-.02-.03-.04-.04a15.078,15.078,0,0,0-11.6-5.44h-.04a15.1,15.1,0,0,0-11.59,5.43.265.265,0,0,0-.05.06,14.818,14.818,0,0,0-2.11,3.37l-5.19.01-.3-2.75a4.188,4.188,0,0,0-4.18-3.75H4.48a1,1,0,0,0,0,2h8.88a2.209,2.209,0,0,1,2.2,1.97l2.83,26.41-5.55,3.05a4.209,4.209,0,0,0-1.88,3.5v.42a4.217,4.217,0,0,0,4.21,4.21h.74a6.35,6.35,0,1,0,9.22,0H41.57a6.345,6.345,0,1,0,9.23,0h3.94a1,1,0,0,0,0-2H15.17a2.217,2.217,0,0,1-2.21-2.21v-.42A2.159,2.159,0,0,1,13.88,42.2ZM49.91,18.84H43.87A20.2,20.2,0,0,0,42.66,13a37.855,37.855,0,0,0,4.64-1.05A13.12,13.12,0,0,1,49.91,18.84Zm-8.01,2a18.527,18.527,0,0,1-1.12,5.6,37.726,37.726,0,0,0-7.95,0,18.228,18.228,0,0,1-1.12-5.6Zm-10.17-2a18.285,18.285,0,0,1,1.25-5.58,37.61,37.61,0,0,0,3.82.21,37.61,37.61,0,0,0,3.82-.21,18.09,18.09,0,0,1,1.25,5.58Zm2.54,13.91a13.088,13.088,0,0,1-6.49-3.36,35.488,35.488,0,0,1,3.77-.77A19.066,19.066,0,0,0,34.27,32.75Zm-.61-4.38a36.584,36.584,0,0,1,6.28,0,18.852,18.852,0,0,1-3.14,4.2A19.485,19.485,0,0,1,33.66,28.37Zm8.39.25a35.163,35.163,0,0,1,3.78.77,13.172,13.172,0,0,1-6.49,3.36A19.433,19.433,0,0,0,42.05,28.62Zm.76-1.91a20.641,20.641,0,0,0,1.09-5.87h6.01a13.153,13.153,0,0,1-2.61,6.9A36.9,36.9,0,0,0,42.81,26.71Zm3.02-16.42a37.084,37.084,0,0,1-3.96.81,21.956,21.956,0,0,0-2.61-4.18A13.154,13.154,0,0,1,45.83,10.29ZM36.8,7.12a20.1,20.1,0,0,1,2.96,4.21,36.443,36.443,0,0,1-5.91,0A19.754,19.754,0,0,1,36.8,7.12Zm-2.46-.2a22.469,22.469,0,0,0-2.61,4.18,36.908,36.908,0,0,1-3.95-.81A13.164,13.164,0,0,1,34.34,6.92ZM26.3,11.95A38.277,38.277,0,0,0,30.94,13a20.406,20.406,0,0,0-1.21,5.84H23.7A13.026,13.026,0,0,1,26.3,11.95Zm3.41,8.89a20.3,20.3,0,0,0,1.09,5.87,37.052,37.052,0,0,0-4.5,1.03,13.059,13.059,0,0,1-2.6-6.9ZM18.05,15.56l4.22-.01a15.145,15.145,0,0,0,2.87,13.96c.01.02.03.03.04.05a15.134,15.134,0,0,0,23.31-.08.01.01,0,0,0,.01-.01,15.077,15.077,0,0,0,2.81-13.99h4.06a1.989,1.989,0,0,1,1.61.8l1.14,1.52a1.973,1.973,0,0,1,.15,2.16L49.38,35.97A2.03,2.03,0,0,1,47.63,37H20.35ZM46.18,48.62a4.35,4.35,0,1,1-4.34,4.35A4.353,4.353,0,0,1,46.18,48.62Zm-25.66,0a4.35,4.35,0,1,1-4.35,4.35A4.353,4.353,0,0,1,20.52,48.62Z\"><\/path><\/g><\/svg>\t\t\t\t<\/span>\n\t\t\t<\/div>\n\t\t\t\n\t\t\t\t\t\t<div class=\"elementor-icon-box-content\">\n\n\t\t\t\t\t\t\t\t\t<h3 class=\"elementor-icon-box-title\">\n\t\t\t\t\t\t<span  >\n\t\t\t\t\t\t\tFREE DELIVERY\t\t\t\t\t\t<\/span>\n\t\t\t\t\t<\/h3>\n\t\t\t\t\n\t\t\t\t\t\t\t\t\t<p class=\"elementor-icon-box-description\">\n\t\t\t\t\t\tFrom 109\u20ac of purchase\t\t\t\t\t<\/p>\n\t\t\t\t\n\t\t\t<\/div>\n\t\t\t\n\t\t<\/div>\n\t\t\t\t\t\t<\/div>\n\t\t\t\t<\/div>\n\t\t\t\t<\/div>\n\t\t<div class=\"elementor-element elementor-element-08ff1fb e-con-full e-flex e-con e-child\" data-id=\"08ff1fb\" data-element_type=\"container\">\n\t\t\t\t<div class=\"elementor-element elementor-element-08119fb elementor-view-default elementor-position-top elementor-mobile-position-top elementor-widget elementor-widget-icon-box\" data-id=\"08119fb\" data-element_type=\"widget\" data-widget_type=\"icon-box.default\">\n\t\t\t\t<div class=\"elementor-widget-container\">\n\t\t\t\t\t\t\t<div class=\"elementor-icon-box-wrapper\">\n\n\t\t\t\t\t\t<div class=\"elementor-icon-box-icon\">\n\t\t\t\t<span  class=\"elementor-icon\">\n\t\t\t\t<svg xmlns=\"http:\/\/www.w3.org\/2000\/svg\" viewBox=\"0 0 64 64\"><g data-name=\"19 costumer service\" id=\"_19_costumer_service\"><path d=\"M37.71,34.54a13.428,13.428,0,0,0,5.51-4.86H46.7a2.915,2.915,0,0,0,2.74-3.06V19.43a3.124,3.124,0,0,0-.2-1.11V18.3a25.246,25.246,0,0,0-5.2-9.54l-.13-.15a15.275,15.275,0,0,0-5.72-3.97,17.135,17.135,0,0,0-14.11.8,15.539,15.539,0,0,0-3.99,3.17l-.13.15a25.246,25.246,0,0,0-5.2,9.54v.02a3.124,3.124,0,0,0-.2,1.11v7.19a2.915,2.915,0,0,0,2.74,3.06h3.48a13.428,13.428,0,0,0,5.51,4.86,20.226,20.226,0,0,0-15.02,19.5V59.5a1,1,0,0,0,1,1H51.73a1,1,0,0,0,1-1V54.04A20.226,20.226,0,0,0,37.71,34.54Zm9.73-15.11v7.19c0,.56-.35,1.06-.74,1.06H44.29c.17-.42.33-.85.46-1.29,0-.01,0-.01.01-.02a13.235,13.235,0,0,0-.1-8H46.7C47.09,18.37,47.44,18.87,47.44,19.43ZM17.3,27.68c-.39,0-.74-.5-.74-1.06V19.43c0-.56.35-1.06.74-1.06h2.04a13.261,13.261,0,0,0,.37,9.31Zm.26-11.31a22.694,22.694,0,0,1,3.89-6.28l.12-.13A13.124,13.124,0,0,1,25.05,7.2a15.268,15.268,0,0,1,12.41-.7,13.159,13.159,0,0,1,4.97,3.46l.12.13a22.694,22.694,0,0,1,3.89,6.28H43.82a13.311,13.311,0,0,0-23.64,0Zm3.11,6.14A11.33,11.33,0,1,1,43.05,25H39.71a2.991,2.991,0,0,0-2.82-2h-3a3,3,0,0,0,0,6h3a2.991,2.991,0,0,0,2.82-2H42.4a11.329,11.329,0,0,1-21.73-4.49Zm17.22,3.48v.02a.994.994,0,0,1-1,.99h-3a1,1,0,0,1,0-2h3A.994.994,0,0,1,37.89,25.99ZM50.73,58.5H13.27V54.04a18.228,18.228,0,0,1,18.2-18.2h1.06a18.228,18.228,0,0,1,18.2,18.2Z\"><\/path><\/g><\/svg>\t\t\t\t<\/span>\n\t\t\t<\/div>\n\t\t\t\n\t\t\t\t\t\t<div class=\"elementor-icon-box-content\">\n\n\t\t\t\t\t\t\t\t\t<h3 class=\"elementor-icon-box-title\">\n\t\t\t\t\t\t<span  >\n\t\t\t\t\t\t\tCUSTOMER SERVICE\t\t\t\t\t\t<\/span>\n\t\t\t\t\t<\/h3>\n\t\t\t\t\n\t\t\t\t\t\t\t\t\t<p class=\"elementor-icon-box-description\">\n\t\t\t\t\t\tSend us a message at <a href=\"mailto:info@poivre-blanc.com\/be\">info@poivre-blanc.com\/be<\/a>\t\t\t\t\t<\/p>\n\t\t\t\t\n\t\t\t<\/div>\n\t\t\t\n\t\t<\/div>\n\t\t\t\t\t\t<\/div>\n\t\t\t\t<\/div>\n\t\t\t\t<\/div>\n\t\t\t\t\t<\/div>\n\t\t\t\t<\/div>\n\t\t\t\t<\/div>\n\t\t","protected":false},"excerpt":{"rendered":"<p>My favorites list Le ou les produits cadeaux ont \u00e9t\u00e9 ajout\u00e9s \u00e0 votre panier en fonction du contenu de votre panier. Vos cadeaux gratuits ont \u00e9t\u00e9 supprim\u00e9s car le contenu actuel de votre panier n&#8217;est pas \u00e9ligible pour un cadeau gratuit. Mes favoris Modifier le titre Nom du produit Prix unitaire \u00c9tat des stocks &times; [&hellip;]<\/p>\n","protected":false},"author":1,"featured_media":0,"parent":0,"menu_order":0,"comment_status":"closed","ping_status":"closed","template":"","meta":{"_acf_changed":false,"footnotes":""},"class_list":["post-53524","page","type-page","status-publish","hentry"],"acf":[],"yoast_head":"<!-- This site is optimized with the Yoast SEO plugin v27.3 - https:\/\/yoast.com\/product\/yoast-seo-wordpress\/ -->\n<title>Wish List - Poivre Blanc - BE<\/title>\n<meta name=\"robots\" content=\"index, follow, max-snippet:-1, max-image-preview:large, max-video-preview:-1\" \/>\n<link rel=\"canonical\" href=\"https:\/\/poivre-blanc.com\/be\/en\/liste-de-souhaits\/\" \/>\n<meta property=\"og:locale\" content=\"en_US\" \/>\n<meta property=\"og:type\" content=\"article\" \/>\n<meta property=\"og:title\" content=\"Wish List - Poivre Blanc - BE\" \/>\n<meta property=\"og:description\" content=\"My favorites list Le ou les produits cadeaux ont \u00e9t\u00e9 ajout\u00e9s \u00e0 votre panier en fonction du contenu de votre panier. Vos cadeaux gratuits ont \u00e9t\u00e9 supprim\u00e9s car le contenu actuel de votre panier n&#8217;est pas \u00e9ligible pour un cadeau gratuit. Mes favoris Modifier le titre Nom du produit Prix unitaire \u00c9tat des stocks &times; [&hellip;]\" \/>\n<meta property=\"og:url\" content=\"https:\/\/poivre-blanc.com\/be\/en\/liste-de-souhaits\/\" \/>\n<meta property=\"og:site_name\" content=\"Poivre Blanc - BE\" \/>\n<meta property=\"article:modified_time\" content=\"2025-05-19T16:00:19+00:00\" \/>\n<meta property=\"og:image\" content=\"https:\/\/poivre-blanc.com\/be\/wp-content\/uploads\/sites\/4\/2025\/03\/12591930209-01-340x510.jpg\" \/>\n<meta name=\"twitter:card\" content=\"summary_large_image\" \/>\n<meta name=\"twitter:label1\" content=\"Est. reading time\" \/>\n\t<meta name=\"twitter:data1\" content=\"2 minutes\" \/>\n<script type=\"application\/ld+json\" class=\"yoast-schema-graph\">{\"@context\":\"https:\\\/\\\/schema.org\",\"@graph\":[{\"@type\":\"WebPage\",\"@id\":\"https:\\\/\\\/poivre-blanc.com\\\/be\\\/en\\\/liste-de-souhaits\\\/\",\"url\":\"https:\\\/\\\/poivre-blanc.com\\\/be\\\/en\\\/liste-de-souhaits\\\/\",\"name\":\"Wish List - Poivre Blanc - BE\",\"isPartOf\":{\"@id\":\"https:\\\/\\\/poivre-blanc.com\\\/be\\\/en\\\/#website\"},\"primaryImageOfPage\":{\"@id\":\"https:\\\/\\\/poivre-blanc.com\\\/be\\\/en\\\/liste-de-souhaits\\\/#primaryimage\"},\"image\":{\"@id\":\"https:\\\/\\\/poivre-blanc.com\\\/be\\\/en\\\/liste-de-souhaits\\\/#primaryimage\"},\"thumbnailUrl\":\"https:\\\/\\\/poivre-blanc.com\\\/be\\\/wp-content\\\/uploads\\\/sites\\\/4\\\/2025\\\/03\\\/12591930209-01-340x510.jpg\",\"datePublished\":\"2024-01-26T13:48:58+00:00\",\"dateModified\":\"2025-05-19T16:00:19+00:00\",\"breadcrumb\":{\"@id\":\"https:\\\/\\\/poivre-blanc.com\\\/be\\\/en\\\/liste-de-souhaits\\\/#breadcrumb\"},\"inLanguage\":\"en-US\",\"potentialAction\":[{\"@type\":\"ReadAction\",\"target\":[\"https:\\\/\\\/poivre-blanc.com\\\/be\\\/en\\\/liste-de-souhaits\\\/\"]}]},{\"@type\":\"ImageObject\",\"inLanguage\":\"en-US\",\"@id\":\"https:\\\/\\\/poivre-blanc.com\\\/be\\\/en\\\/liste-de-souhaits\\\/#primaryimage\",\"url\":\"https:\\\/\\\/poivre-blanc.com\\\/be\\\/wp-content\\\/uploads\\\/sites\\\/4\\\/2025\\\/03\\\/12591930209-01-340x510.jpg\",\"contentUrl\":\"https:\\\/\\\/poivre-blanc.com\\\/be\\\/wp-content\\\/uploads\\\/sites\\\/4\\\/2025\\\/03\\\/12591930209-01-340x510.jpg\"},{\"@type\":\"BreadcrumbList\",\"@id\":\"https:\\\/\\\/poivre-blanc.com\\\/be\\\/en\\\/liste-de-souhaits\\\/#breadcrumb\",\"itemListElement\":[{\"@type\":\"ListItem\",\"position\":1,\"name\":\"Home\",\"item\":\"https:\\\/\\\/poivre-blanc.com\\\/be\\\/en\\\/\"},{\"@type\":\"ListItem\",\"position\":2,\"name\":\"Wish List\"}]},{\"@type\":\"WebSite\",\"@id\":\"https:\\\/\\\/poivre-blanc.com\\\/be\\\/en\\\/#website\",\"url\":\"https:\\\/\\\/poivre-blanc.com\\\/be\\\/en\\\/\",\"name\":\"Poivre Blanc - BE\",\"description\":\"\",\"publisher\":{\"@id\":\"https:\\\/\\\/poivre-blanc.com\\\/be\\\/en\\\/#organization\"},\"potentialAction\":[{\"@type\":\"SearchAction\",\"target\":{\"@type\":\"EntryPoint\",\"urlTemplate\":\"https:\\\/\\\/poivre-blanc.com\\\/be\\\/en\\\/?s={search_term_string}\"},\"query-input\":{\"@type\":\"PropertyValueSpecification\",\"valueRequired\":true,\"valueName\":\"search_term_string\"}}],\"inLanguage\":\"en-US\"},{\"@type\":\"Organization\",\"@id\":\"https:\\\/\\\/poivre-blanc.com\\\/be\\\/en\\\/#organization\",\"name\":\"Poivre Blanc - BE\",\"url\":\"https:\\\/\\\/poivre-blanc.com\\\/be\\\/en\\\/\",\"logo\":{\"@type\":\"ImageObject\",\"inLanguage\":\"en-US\",\"@id\":\"https:\\\/\\\/poivre-blanc.com\\\/be\\\/en\\\/#\\\/schema\\\/logo\\\/image\\\/\",\"url\":\"https:\\\/\\\/poivre-blanc.com\\\/be\\\/wp-content\\\/uploads\\\/sites\\\/4\\\/2023\\\/12\\\/logo-blanc-e1712694389956.png\",\"contentUrl\":\"https:\\\/\\\/poivre-blanc.com\\\/be\\\/wp-content\\\/uploads\\\/sites\\\/4\\\/2023\\\/12\\\/logo-blanc-e1712694389956.png\",\"width\":244,\"height\":43,\"caption\":\"Poivre Blanc - BE\"},\"image\":{\"@id\":\"https:\\\/\\\/poivre-blanc.com\\\/be\\\/en\\\/#\\\/schema\\\/logo\\\/image\\\/\"}}]}<\/script>\n<!-- \/ Yoast SEO plugin. -->","yoast_head_json":{"title":"Wish List - Poivre Blanc - BE","robots":{"index":"index","follow":"follow","max-snippet":"max-snippet:-1","max-image-preview":"max-image-preview:large","max-video-preview":"max-video-preview:-1"},"canonical":"https:\/\/poivre-blanc.com\/be\/en\/liste-de-souhaits\/","og_locale":"en_US","og_type":"article","og_title":"Wish List - Poivre Blanc - BE","og_description":"My favorites list Le ou les produits cadeaux ont \u00e9t\u00e9 ajout\u00e9s \u00e0 votre panier en fonction du contenu de votre panier. Vos cadeaux gratuits ont \u00e9t\u00e9 supprim\u00e9s car le contenu actuel de votre panier n&#8217;est pas \u00e9ligible pour un cadeau gratuit. Mes favoris Modifier le titre Nom du produit Prix unitaire \u00c9tat des stocks &times; [&hellip;]","og_url":"https:\/\/poivre-blanc.com\/be\/en\/liste-de-souhaits\/","og_site_name":"Poivre Blanc - BE","article_modified_time":"2025-05-19T16:00:19+00:00","og_image":[{"url":"https:\/\/poivre-blanc.com\/be\/wp-content\/uploads\/sites\/4\/2025\/03\/12591930209-01-340x510.jpg","type":"","width":"","height":""}],"twitter_card":"summary_large_image","twitter_misc":{"Est. reading time":"2 minutes"},"schema":{"@context":"https:\/\/schema.org","@graph":[{"@type":"WebPage","@id":"https:\/\/poivre-blanc.com\/be\/en\/liste-de-souhaits\/","url":"https:\/\/poivre-blanc.com\/be\/en\/liste-de-souhaits\/","name":"Wish List - Poivre Blanc - BE","isPartOf":{"@id":"https:\/\/poivre-blanc.com\/be\/en\/#website"},"primaryImageOfPage":{"@id":"https:\/\/poivre-blanc.com\/be\/en\/liste-de-souhaits\/#primaryimage"},"image":{"@id":"https:\/\/poivre-blanc.com\/be\/en\/liste-de-souhaits\/#primaryimage"},"thumbnailUrl":"https:\/\/poivre-blanc.com\/be\/wp-content\/uploads\/sites\/4\/2025\/03\/12591930209-01-340x510.jpg","datePublished":"2024-01-26T13:48:58+00:00","dateModified":"2025-05-19T16:00:19+00:00","breadcrumb":{"@id":"https:\/\/poivre-blanc.com\/be\/en\/liste-de-souhaits\/#breadcrumb"},"inLanguage":"en-US","potentialAction":[{"@type":"ReadAction","target":["https:\/\/poivre-blanc.com\/be\/en\/liste-de-souhaits\/"]}]},{"@type":"ImageObject","inLanguage":"en-US","@id":"https:\/\/poivre-blanc.com\/be\/en\/liste-de-souhaits\/#primaryimage","url":"https:\/\/poivre-blanc.com\/be\/wp-content\/uploads\/sites\/4\/2025\/03\/12591930209-01-340x510.jpg","contentUrl":"https:\/\/poivre-blanc.com\/be\/wp-content\/uploads\/sites\/4\/2025\/03\/12591930209-01-340x510.jpg"},{"@type":"BreadcrumbList","@id":"https:\/\/poivre-blanc.com\/be\/en\/liste-de-souhaits\/#breadcrumb","itemListElement":[{"@type":"ListItem","position":1,"name":"Home","item":"https:\/\/poivre-blanc.com\/be\/en\/"},{"@type":"ListItem","position":2,"name":"Wish List"}]},{"@type":"WebSite","@id":"https:\/\/poivre-blanc.com\/be\/en\/#website","url":"https:\/\/poivre-blanc.com\/be\/en\/","name":"Poivre Blanc - BE","description":"","publisher":{"@id":"https:\/\/poivre-blanc.com\/be\/en\/#organization"},"potentialAction":[{"@type":"SearchAction","target":{"@type":"EntryPoint","urlTemplate":"https:\/\/poivre-blanc.com\/be\/en\/?s={search_term_string}"},"query-input":{"@type":"PropertyValueSpecification","valueRequired":true,"valueName":"search_term_string"}}],"inLanguage":"en-US"},{"@type":"Organization","@id":"https:\/\/poivre-blanc.com\/be\/en\/#organization","name":"Poivre Blanc - BE","url":"https:\/\/poivre-blanc.com\/be\/en\/","logo":{"@type":"ImageObject","inLanguage":"en-US","@id":"https:\/\/poivre-blanc.com\/be\/en\/#\/schema\/logo\/image\/","url":"https:\/\/poivre-blanc.com\/be\/wp-content\/uploads\/sites\/4\/2023\/12\/logo-blanc-e1712694389956.png","contentUrl":"https:\/\/poivre-blanc.com\/be\/wp-content\/uploads\/sites\/4\/2023\/12\/logo-blanc-e1712694389956.png","width":244,"height":43,"caption":"Poivre Blanc - BE"},"image":{"@id":"https:\/\/poivre-blanc.com\/be\/en\/#\/schema\/logo\/image\/"}}]}},"_links":{"self":[{"href":"https:\/\/poivre-blanc.com\/be\/en\/wp-json\/wp\/v2\/pages\/53524","targetHints":{"allow":["GET"]}}],"collection":[{"href":"https:\/\/poivre-blanc.com\/be\/en\/wp-json\/wp\/v2\/pages"}],"about":[{"href":"https:\/\/poivre-blanc.com\/be\/en\/wp-json\/wp\/v2\/types\/page"}],"author":[{"embeddable":true,"href":"https:\/\/poivre-blanc.com\/be\/en\/wp-json\/wp\/v2\/users\/1"}],"replies":[{"embeddable":true,"href":"https:\/\/poivre-blanc.com\/be\/en\/wp-json\/wp\/v2\/comments?post=53524"}],"version-history":[{"count":4,"href":"https:\/\/poivre-blanc.com\/be\/en\/wp-json\/wp\/v2\/pages\/53524\/revisions"}],"predecessor-version":[{"id":53639,"href":"https:\/\/poivre-blanc.com\/be\/en\/wp-json\/wp\/v2\/pages\/53524\/revisions\/53639"}],"wp:attachment":[{"href":"https:\/\/poivre-blanc.com\/be\/en\/wp-json\/wp\/v2\/media?parent=53524"}],"curies":[{"name":"wp","href":"https:\/\/api.w.org\/{rel}","templated":true}]}}