{"id":1294,"date":"2024-01-18T23:41:10","date_gmt":"2024-01-18T22:41:10","guid":{"rendered":"https:\/\/poivre-blanc.locomedia.fr\/?page_id=1294"},"modified":"2024-11-12T10:37:10","modified_gmt":"2024-11-12T09:37:10","slug":"environnement","status":"publish","type":"page","link":"https:\/\/poivre-blanc.com\/be\/environnement\/","title":{"rendered":"ENVIRONNEMENT"},"content":{"rendered":"\t\t<div data-elementor-type=\"wp-page\" data-elementor-id=\"1294\" class=\"elementor elementor-1294\" data-elementor-post-type=\"page\">\n\t\t\t\t<div class=\"elementor-element elementor-element-21f2e7b down e-flex e-con-boxed e-con e-parent\" data-id=\"21f2e7b\" data-element_type=\"container\" data-settings=\"{&quot;background_background&quot;:&quot;classic&quot;}\">\n\t\t\t\t\t<div class=\"e-con-inner\">\n\t\t\t\t<div class=\"elementor-element elementor-element-a4d07d7 elementor-invisible elementor-widget elementor-widget-heading\" data-id=\"a4d07d7\" data-element_type=\"widget\" data-settings=\"{&quot;_animation&quot;:&quot;fadeInUp&quot;}\" data-widget_type=\"heading.default\">\n\t\t\t\t<div class=\"elementor-widget-container\">\n\t\t\t\t\t<h1 class=\"elementor-heading-title elementor-size-default\">ENVIRONNEMENT<\/h1>\t\t\t\t<\/div>\n\t\t\t\t<\/div>\n\t\t\t\t\t<\/div>\n\t\t\t\t<\/div>\n\t\t<div class=\"elementor-element elementor-element-51962e7 e-flex e-con-boxed e-con e-parent\" data-id=\"51962e7\" data-element_type=\"container\">\n\t\t\t\t\t<div class=\"e-con-inner\">\n\t\t<div class=\"elementor-element elementor-element-ff9122e e-con-full e-flex e-con e-child\" data-id=\"ff9122e\" data-element_type=\"container\">\n\t\t\t\t<div class=\"elementor-element elementor-element-a5f61da elementor-widget elementor-widget-heading\" data-id=\"a5f61da\" data-element_type=\"widget\" data-widget_type=\"heading.default\">\n\t\t\t\t<div class=\"elementor-widget-container\">\n\t\t\t\t\t<h2 class=\"elementor-heading-title elementor-size-default\">ECO<\/h2>\t\t\t\t<\/div>\n\t\t\t\t<\/div>\n\t\t\t\t<div class=\"elementor-element elementor-element-7a6dc6c elementor-widget elementor-widget-heading\" data-id=\"7a6dc6c\" data-element_type=\"widget\" data-widget_type=\"heading.default\">\n\t\t\t\t<div class=\"elementor-widget-container\">\n\t\t\t\t\t<h2 class=\"elementor-heading-title elementor-size-default\">RESPONSABLE<\/h2>\t\t\t\t<\/div>\n\t\t\t\t<\/div>\n\t\t\t\t<\/div>\n\t\t\t\t<div class=\"elementor-element elementor-element-73e2805 elementor-widget elementor-widget-text-editor\" data-id=\"73e2805\" data-element_type=\"widget\" data-widget_type=\"text-editor.default\">\n\t\t\t\t<div class=\"elementor-widget-container\">\n\t\t\t\t\t\t\t\t\t<p>Habituellement, les mati\u00e8res premi\u00e8res telles que les tissus, l\u2019isolation et le rembourrage (qui repr\u00e9sentent un volume consid\u00e9rable), sont achet\u00e9s dans une r\u00e9gion sp\u00e9cifique puis exp\u00e9di\u00e9s par voies maritimes ou a\u00e9riennes vers les pays producteurs de v\u00eatements. Ce processus g\u00e9n\u00e8re des \u00e9missions de CO2, relativement \u00e9lev\u00e9es.<\/p><p>Ainsi, Poivre Blanc s\u2019engage \u00e0 acheter la majorit\u00e9 de ses mati\u00e8res premi\u00e8res au sein du m\u00eame pays producteur. La totalit\u00e9 des mat\u00e9riaux de rembourrage et d\u2019isolation sont s\u00e9lectionn\u00e9s \u00e0 proximit\u00e9 des usines de fabrication de v\u00eatements, de m\u00eame que deux tiers des autres mat\u00e9riaux sont achet\u00e9s localement. Cette d\u00e9marche garantit une r\u00e9duction significative des \u00e9missions li\u00e9es aux transports de Poivre Blanc.<\/p>\t\t\t\t\t\t\t\t<\/div>\n\t\t\t\t<\/div>\n\t\t\t\t\t<\/div>\n\t\t\t\t<\/div>\n\t\t<div class=\"elementor-element elementor-element-0ddf4e8 e-flex e-con-boxed e-con e-parent\" data-id=\"0ddf4e8\" data-element_type=\"container\">\n\t\t\t\t\t<div class=\"e-con-inner\">\n\t\t<div class=\"elementor-element elementor-element-416da85 e-con-full e-flex e-con e-child\" data-id=\"416da85\" data-element_type=\"container\">\n\t\t\t\t<div class=\"elementor-element elementor-element-b187126 elementor-widget elementor-widget-heading\" data-id=\"b187126\" data-element_type=\"widget\" data-widget_type=\"heading.default\">\n\t\t\t\t<div class=\"elementor-widget-container\">\n\t\t\t\t\t<h2 class=\"elementor-heading-title elementor-size-default\">100%<\/h2>\t\t\t\t<\/div>\n\t\t\t\t<\/div>\n\t\t\t\t<div class=\"elementor-element elementor-element-a7af84a elementor-widget elementor-widget-heading\" data-id=\"a7af84a\" data-element_type=\"widget\" data-widget_type=\"heading.default\">\n\t\t\t\t<div class=\"elementor-widget-container\">\n\t\t\t\t\t<h2 class=\"elementor-heading-title elementor-size-default\">NATUREL<\/h2>\t\t\t\t<\/div>\n\t\t\t\t<\/div>\n\t\t\t\t<\/div>\n\t\t\t\t<div class=\"elementor-element elementor-element-2f433bc elementor-widget elementor-widget-text-editor\" data-id=\"2f433bc\" data-element_type=\"widget\" data-widget_type=\"text-editor.default\">\n\t\t\t\t<div class=\"elementor-widget-container\">\n\t\t\t\t\t\t\t\t\t<p>Notre collection de mailles s\u2019agrandit ! Compos\u00e9es \u00e0 75% de fibre de viscose, nos mailles allient l\u2019aspect soyeux de la soie au toucher doux du coton, tout en offrant les m\u00eames propri\u00e9t\u00e9s de confort, d\u2019absorption et de respirabilit\u00e9, avec une finition antimicrobienne.<\/p><p>Issue de fibre de cellulose de bois, cette mati\u00e8re naturelle, durable et biod\u00e9gradable est promise \u00e0 un grand avenir. En effet, compar\u00e9e au coton, la culture du mat\u00e9riau vierge n\u00e9cessite moins de terres, moins d\u2019eau et moins de travail. Les 75% ont-ils \u00e9t\u00e9 v\u00e9rifi\u00e9s<\/p>\t\t\t\t\t\t\t\t<\/div>\n\t\t\t\t<\/div>\n\t\t\t\t\t<\/div>\n\t\t\t\t<\/div>\n\t\t<div class=\"elementor-element elementor-element-fb3e89e e-flex e-con-boxed e-con e-parent\" data-id=\"fb3e89e\" data-element_type=\"container\">\n\t\t\t\t\t<div class=\"e-con-inner\">\n\t\t<div class=\"elementor-element elementor-element-2c3e96b e-con-full e-flex e-con e-child\" data-id=\"2c3e96b\" data-element_type=\"container\">\n\t\t\t\t<div class=\"elementor-element elementor-element-9621d99 elementor-widget elementor-widget-heading\" data-id=\"9621d99\" data-element_type=\"widget\" data-widget_type=\"heading.default\">\n\t\t\t\t<div class=\"elementor-widget-container\">\n\t\t\t\t\t<h2 class=\"elementor-heading-title elementor-size-default\">PERTES<\/h2>\t\t\t\t<\/div>\n\t\t\t\t<\/div>\n\t\t\t\t<div class=\"elementor-element elementor-element-18c5474 elementor-widget elementor-widget-heading\" data-id=\"18c5474\" data-element_type=\"widget\" data-widget_type=\"heading.default\">\n\t\t\t\t<div class=\"elementor-widget-container\">\n\t\t\t\t\t<h2 class=\"elementor-heading-title elementor-size-default\">ZERO<\/h2>\t\t\t\t<\/div>\n\t\t\t\t<\/div>\n\t\t\t\t<\/div>\n\t\t\t\t<div class=\"elementor-element elementor-element-1e078a4 elementor-widget elementor-widget-text-editor\" data-id=\"1e078a4\" data-element_type=\"widget\" data-widget_type=\"text-editor.default\">\n\t\t\t\t<div class=\"elementor-widget-container\">\n\t\t\t\t\t\t\t\t\t<p>La fabrication de produits textiles g\u00e9n\u00e8re des petites chutes de tissus. Ces d\u00e9chets textiles repr\u00e9sentent une valeur estim\u00e9e \u00e0 plus de 25 milliards d\u2019euros dans le monde.<\/p><p>Afin de rem\u00e9dier \u00e0 ces pertes, Poivre Blanc a mis en place \u00ab FabReUse \u00bb un processus visant \u00e0 valoriser ces tissus inutilis\u00e9s et \u00e0 mettre fin aux d\u00e9chets textiles. Sous forme d\u2019\u00e9charpes, de chapeaux, de gants ou encore de jouets, ces chutes sont r\u00e9int\u00e9gr\u00e9es dans nos nouvelles collections.<\/p>\t\t\t\t\t\t\t\t<\/div>\n\t\t\t\t<\/div>\n\t\t\t\t\t<\/div>\n\t\t\t\t<\/div>\n\t\t\t\t<\/div>\n\t\t","protected":false},"excerpt":{"rendered":"<p>ENVIRONNEMENT ECO RESPONSABLE Habituellement, les mati\u00e8res premi\u00e8res telles que les tissus, l\u2019isolation et le rembourrage (qui repr\u00e9sentent un volume consid\u00e9rable), sont achet\u00e9s dans une r\u00e9gion sp\u00e9cifique puis exp\u00e9di\u00e9s par voies maritimes ou a\u00e9riennes vers les pays producteurs de v\u00eatements. Ce processus g\u00e9n\u00e8re des \u00e9missions de CO2, relativement \u00e9lev\u00e9es. Ainsi, Poivre Blanc s\u2019engage \u00e0 acheter la [&hellip;]<\/p>\n","protected":false},"author":1,"featured_media":0,"parent":0,"menu_order":0,"comment_status":"closed","ping_status":"closed","template":"","meta":{"_acf_changed":false,"footnotes":""},"class_list":["post-1294","page","type-page","status-publish","hentry"],"acf":[],"yoast_head":"<!-- This site is optimized with the Yoast SEO plugin v27.3 - https:\/\/yoast.com\/product\/yoast-seo-wordpress\/ -->\n<title>ENVIRONNEMENT - Poivre Blanc - BE<\/title>\n<meta name=\"robots\" content=\"index, follow, max-snippet:-1, max-image-preview:large, max-video-preview:-1\" \/>\n<link rel=\"canonical\" href=\"https:\/\/poivre-blanc.com\/be\/environnement\/\" \/>\n<meta property=\"og:locale\" content=\"fr_FR\" \/>\n<meta property=\"og:type\" content=\"article\" \/>\n<meta property=\"og:title\" content=\"ENVIRONNEMENT - Poivre Blanc - BE\" \/>\n<meta property=\"og:description\" content=\"ENVIRONNEMENT ECO RESPONSABLE Habituellement, les mati\u00e8res premi\u00e8res telles que les tissus, l\u2019isolation et le rembourrage (qui repr\u00e9sentent un volume consid\u00e9rable), sont achet\u00e9s dans une r\u00e9gion sp\u00e9cifique puis exp\u00e9di\u00e9s par voies maritimes ou a\u00e9riennes vers les pays producteurs de v\u00eatements. Ce processus g\u00e9n\u00e8re des \u00e9missions de CO2, relativement \u00e9lev\u00e9es. Ainsi, Poivre Blanc s\u2019engage \u00e0 acheter la [&hellip;]\" \/>\n<meta property=\"og:url\" content=\"https:\/\/poivre-blanc.com\/be\/environnement\/\" \/>\n<meta property=\"og:site_name\" content=\"Poivre Blanc - BE\" \/>\n<meta property=\"article:modified_time\" content=\"2024-11-12T09:37:10+00:00\" \/>\n<meta name=\"twitter:card\" content=\"summary_large_image\" \/>\n<meta name=\"twitter:label1\" content=\"Dur\u00e9e de lecture estim\u00e9e\" \/>\n\t<meta name=\"twitter:data1\" content=\"2 minutes\" \/>\n<script type=\"application\/ld+json\" class=\"yoast-schema-graph\">{\"@context\":\"https:\\\/\\\/schema.org\",\"@graph\":[{\"@type\":\"WebPage\",\"@id\":\"https:\\\/\\\/poivre-blanc.com\\\/be\\\/environnement\\\/\",\"url\":\"https:\\\/\\\/poivre-blanc.com\\\/be\\\/environnement\\\/\",\"name\":\"ENVIRONNEMENT - Poivre Blanc - BE\",\"isPartOf\":{\"@id\":\"https:\\\/\\\/poivre-blanc.com\\\/be\\\/#website\"},\"datePublished\":\"2024-01-18T22:41:10+00:00\",\"dateModified\":\"2024-11-12T09:37:10+00:00\",\"breadcrumb\":{\"@id\":\"https:\\\/\\\/poivre-blanc.com\\\/be\\\/environnement\\\/#breadcrumb\"},\"inLanguage\":\"fr-FR\",\"potentialAction\":[{\"@type\":\"ReadAction\",\"target\":[\"https:\\\/\\\/poivre-blanc.com\\\/be\\\/environnement\\\/\"]}]},{\"@type\":\"BreadcrumbList\",\"@id\":\"https:\\\/\\\/poivre-blanc.com\\\/be\\\/environnement\\\/#breadcrumb\",\"itemListElement\":[{\"@type\":\"ListItem\",\"position\":1,\"name\":\"Home\",\"item\":\"https:\\\/\\\/poivre-blanc.com\\\/be\\\/\"},{\"@type\":\"ListItem\",\"position\":2,\"name\":\"ENVIRONNEMENT\"}]},{\"@type\":\"WebSite\",\"@id\":\"https:\\\/\\\/poivre-blanc.com\\\/be\\\/#website\",\"url\":\"https:\\\/\\\/poivre-blanc.com\\\/be\\\/\",\"name\":\"Poivre Blanc - BE\",\"description\":\"\",\"publisher\":{\"@id\":\"https:\\\/\\\/poivre-blanc.com\\\/be\\\/#organization\"},\"potentialAction\":[{\"@type\":\"SearchAction\",\"target\":{\"@type\":\"EntryPoint\",\"urlTemplate\":\"https:\\\/\\\/poivre-blanc.com\\\/be\\\/?s={search_term_string}\"},\"query-input\":{\"@type\":\"PropertyValueSpecification\",\"valueRequired\":true,\"valueName\":\"search_term_string\"}}],\"inLanguage\":\"fr-FR\"},{\"@type\":\"Organization\",\"@id\":\"https:\\\/\\\/poivre-blanc.com\\\/be\\\/#organization\",\"name\":\"Poivre Blanc - BE\",\"url\":\"https:\\\/\\\/poivre-blanc.com\\\/be\\\/\",\"logo\":{\"@type\":\"ImageObject\",\"inLanguage\":\"fr-FR\",\"@id\":\"https:\\\/\\\/poivre-blanc.com\\\/be\\\/#\\\/schema\\\/logo\\\/image\\\/\",\"url\":\"https:\\\/\\\/poivre-blanc.com\\\/be\\\/wp-content\\\/uploads\\\/sites\\\/4\\\/2023\\\/12\\\/logo-blanc-e1712694389956.png\",\"contentUrl\":\"https:\\\/\\\/poivre-blanc.com\\\/be\\\/wp-content\\\/uploads\\\/sites\\\/4\\\/2023\\\/12\\\/logo-blanc-e1712694389956.png\",\"width\":244,\"height\":43,\"caption\":\"Poivre Blanc - BE\"},\"image\":{\"@id\":\"https:\\\/\\\/poivre-blanc.com\\\/be\\\/#\\\/schema\\\/logo\\\/image\\\/\"}}]}<\/script>\n<!-- \/ Yoast SEO plugin. -->","yoast_head_json":{"title":"ENVIRONNEMENT - Poivre Blanc - BE","robots":{"index":"index","follow":"follow","max-snippet":"max-snippet:-1","max-image-preview":"max-image-preview:large","max-video-preview":"max-video-preview:-1"},"canonical":"https:\/\/poivre-blanc.com\/be\/environnement\/","og_locale":"fr_FR","og_type":"article","og_title":"ENVIRONNEMENT - Poivre Blanc - BE","og_description":"ENVIRONNEMENT ECO RESPONSABLE Habituellement, les mati\u00e8res premi\u00e8res telles que les tissus, l\u2019isolation et le rembourrage (qui repr\u00e9sentent un volume consid\u00e9rable), sont achet\u00e9s dans une r\u00e9gion sp\u00e9cifique puis exp\u00e9di\u00e9s par voies maritimes ou a\u00e9riennes vers les pays producteurs de v\u00eatements. Ce processus g\u00e9n\u00e8re des \u00e9missions de CO2, relativement \u00e9lev\u00e9es. Ainsi, Poivre Blanc s\u2019engage \u00e0 acheter la [&hellip;]","og_url":"https:\/\/poivre-blanc.com\/be\/environnement\/","og_site_name":"Poivre Blanc - BE","article_modified_time":"2024-11-12T09:37:10+00:00","twitter_card":"summary_large_image","twitter_misc":{"Dur\u00e9e de lecture estim\u00e9e":"2 minutes"},"schema":{"@context":"https:\/\/schema.org","@graph":[{"@type":"WebPage","@id":"https:\/\/poivre-blanc.com\/be\/environnement\/","url":"https:\/\/poivre-blanc.com\/be\/environnement\/","name":"ENVIRONNEMENT - Poivre Blanc - BE","isPartOf":{"@id":"https:\/\/poivre-blanc.com\/be\/#website"},"datePublished":"2024-01-18T22:41:10+00:00","dateModified":"2024-11-12T09:37:10+00:00","breadcrumb":{"@id":"https:\/\/poivre-blanc.com\/be\/environnement\/#breadcrumb"},"inLanguage":"fr-FR","potentialAction":[{"@type":"ReadAction","target":["https:\/\/poivre-blanc.com\/be\/environnement\/"]}]},{"@type":"BreadcrumbList","@id":"https:\/\/poivre-blanc.com\/be\/environnement\/#breadcrumb","itemListElement":[{"@type":"ListItem","position":1,"name":"Home","item":"https:\/\/poivre-blanc.com\/be\/"},{"@type":"ListItem","position":2,"name":"ENVIRONNEMENT"}]},{"@type":"WebSite","@id":"https:\/\/poivre-blanc.com\/be\/#website","url":"https:\/\/poivre-blanc.com\/be\/","name":"Poivre Blanc - BE","description":"","publisher":{"@id":"https:\/\/poivre-blanc.com\/be\/#organization"},"potentialAction":[{"@type":"SearchAction","target":{"@type":"EntryPoint","urlTemplate":"https:\/\/poivre-blanc.com\/be\/?s={search_term_string}"},"query-input":{"@type":"PropertyValueSpecification","valueRequired":true,"valueName":"search_term_string"}}],"inLanguage":"fr-FR"},{"@type":"Organization","@id":"https:\/\/poivre-blanc.com\/be\/#organization","name":"Poivre Blanc - BE","url":"https:\/\/poivre-blanc.com\/be\/","logo":{"@type":"ImageObject","inLanguage":"fr-FR","@id":"https:\/\/poivre-blanc.com\/be\/#\/schema\/logo\/image\/","url":"https:\/\/poivre-blanc.com\/be\/wp-content\/uploads\/sites\/4\/2023\/12\/logo-blanc-e1712694389956.png","contentUrl":"https:\/\/poivre-blanc.com\/be\/wp-content\/uploads\/sites\/4\/2023\/12\/logo-blanc-e1712694389956.png","width":244,"height":43,"caption":"Poivre Blanc - BE"},"image":{"@id":"https:\/\/poivre-blanc.com\/be\/#\/schema\/logo\/image\/"}}]}},"_links":{"self":[{"href":"https:\/\/poivre-blanc.com\/be\/wp-json\/wp\/v2\/pages\/1294","targetHints":{"allow":["GET"]}}],"collection":[{"href":"https:\/\/poivre-blanc.com\/be\/wp-json\/wp\/v2\/pages"}],"about":[{"href":"https:\/\/poivre-blanc.com\/be\/wp-json\/wp\/v2\/types\/page"}],"author":[{"embeddable":true,"href":"https:\/\/poivre-blanc.com\/be\/wp-json\/wp\/v2\/users\/1"}],"replies":[{"embeddable":true,"href":"https:\/\/poivre-blanc.com\/be\/wp-json\/wp\/v2\/comments?post=1294"}],"version-history":[{"count":0,"href":"https:\/\/poivre-blanc.com\/be\/wp-json\/wp\/v2\/pages\/1294\/revisions"}],"wp:attachment":[{"href":"https:\/\/poivre-blanc.com\/be\/wp-json\/wp\/v2\/media?parent=1294"}],"curies":[{"name":"wp","href":"https:\/\/api.w.org\/{rel}","templated":true}]}}