{"id":898,"date":"2023-12-27T10:16:16","date_gmt":"2023-12-27T09:16:16","guid":{"rendered":"https:\/\/poivre-blanc.locomedia.fr\/?page_id=898"},"modified":"2024-11-19T12:31:25","modified_gmt":"2024-11-19T11:31:25","slug":"marque","status":"publish","type":"page","link":"https:\/\/poivre-blanc.com\/be\/marque\/","title":{"rendered":"HISTOIRE"},"content":{"rendered":"\t\t<div data-elementor-type=\"wp-page\" data-elementor-id=\"898\" class=\"elementor elementor-898\" data-elementor-post-type=\"page\">\n\t\t\t\t<div class=\"elementor-element elementor-element-21f2e7b down e-flex e-con-boxed e-con e-parent\" data-id=\"21f2e7b\" data-element_type=\"container\" data-settings=\"{&quot;background_background&quot;:&quot;classic&quot;}\">\n\t\t\t\t\t<div class=\"e-con-inner\">\n\t\t\t\t<div class=\"elementor-element elementor-element-a4d07d7 elementor-invisible elementor-widget elementor-widget-heading\" data-id=\"a4d07d7\" data-element_type=\"widget\" data-settings=\"{&quot;_animation&quot;:&quot;fadeInUp&quot;}\" data-widget_type=\"heading.default\">\n\t\t\t\t<div class=\"elementor-widget-container\">\n\t\t\t\t\t<h1 class=\"elementor-heading-title elementor-size-default\">HISTOIRE<\/h1>\t\t\t\t<\/div>\n\t\t\t\t<\/div>\n\t\t\t\t\t<\/div>\n\t\t\t\t<\/div>\n\t\t<div class=\"elementor-element elementor-element-34b1549 e-flex e-con-boxed e-con e-parent\" data-id=\"34b1549\" data-element_type=\"container\" id=\"histoire\">\n\t\t\t\t\t<div class=\"e-con-inner\">\n\t\t<div class=\"elementor-element elementor-element-80d3b7b e-con-full e-flex e-con e-child\" data-id=\"80d3b7b\" data-element_type=\"container\">\n\t\t\t\t<div class=\"elementor-element elementor-element-f310906 elementor-widget elementor-widget-image\" data-id=\"f310906\" data-element_type=\"widget\" data-widget_type=\"image.default\">\n\t\t\t\t<div class=\"elementor-widget-container\">\n\t\t\t\t\t\t\t\t\t\t\t\t\t\t\t<img fetchpriority=\"high\" decoding=\"async\" width=\"720\" height=\"1080\" src=\"https:\/\/poivre-blanc.com\/be\/wp-content\/uploads\/sites\/4\/2023\/12\/humble-debuts-surf.jpg\" class=\"attachment-full size-full wp-image-907\" alt=\"\" srcset=\"https:\/\/poivre-blanc.com\/be\/wp-content\/uploads\/sites\/4\/2023\/12\/humble-debuts-surf.jpg 720w, https:\/\/poivre-blanc.com\/be\/wp-content\/uploads\/sites\/4\/2023\/12\/humble-debuts-surf-340x510.jpg 340w, https:\/\/poivre-blanc.com\/be\/wp-content\/uploads\/sites\/4\/2023\/12\/humble-debuts-surf-64x96.jpg 64w, https:\/\/poivre-blanc.com\/be\/wp-content\/uploads\/sites\/4\/2023\/12\/humble-debuts-surf-200x300.jpg 200w, https:\/\/poivre-blanc.com\/be\/wp-content\/uploads\/sites\/4\/2023\/12\/humble-debuts-surf-683x1024.jpg 683w\" sizes=\"(max-width: 720px) 100vw, 720px\" \/>\t\t\t\t\t\t\t\t\t\t\t\t\t\t\t<\/div>\n\t\t\t\t<\/div>\n\t\t\t\t<\/div>\n\t\t<div class=\"elementor-element elementor-element-5f32485 e-con-full e-flex e-con e-child\" data-id=\"5f32485\" data-element_type=\"container\">\n\t\t\t\t<div class=\"elementor-element elementor-element-e5430a9 elementor-widget elementor-widget-heading\" data-id=\"e5430a9\" data-element_type=\"widget\" data-widget_type=\"heading.default\">\n\t\t\t\t<div class=\"elementor-widget-container\">\n\t\t\t\t\t<h2 class=\"elementor-heading-title elementor-size-default\">HUMBLES DEBUTS<\/h2>\t\t\t\t<\/div>\n\t\t\t\t<\/div>\n\t\t\t\t<div class=\"elementor-element elementor-element-7cc32aa elementor-widget-divider--view-line elementor-widget elementor-widget-divider\" data-id=\"7cc32aa\" data-element_type=\"widget\" data-widget_type=\"divider.default\">\n\t\t\t\t<div class=\"elementor-widget-container\">\n\t\t\t\t\t\t\t<div class=\"elementor-divider\">\n\t\t\t<span class=\"elementor-divider-separator\">\n\t\t\t\t\t\t<\/span>\n\t\t<\/div>\n\t\t\t\t\t\t<\/div>\n\t\t\t\t<\/div>\n\t\t\t\t<div class=\"elementor-element elementor-element-d79f5ed elementor-widget elementor-widget-text-editor\" data-id=\"d79f5ed\" data-element_type=\"widget\" data-widget_type=\"text-editor.default\">\n\t\t\t\t<div class=\"elementor-widget-container\">\n\t\t\t\t\t\t\t\t\t<p>Notre histoire commence dans une petite boutique avec une petite \u00e9quipe. Avec rien d&#8217;autre que la passion et un r\u00eave, notre marque est n\u00e9e, en 1984.<\/p><p>Poivre Blanc vous remercie pour votre confiance et votre fid\u00e9lit\u00e9 depuis presque 40 ans. Nos produits \u00e9tant plus \u00e9loquents que les mots, nous essayons chaque ann\u00e9e, de nourrir notre image de distinction et de sensibilit\u00e9. Au cours de ces quatre derni\u00e8res d\u00e9cennies, Poivre Blanc a \u00e9volu\u00e9 au rythme des tendances, toujours avec authenticit\u00e9 et singularit\u00e9. Aujourd\u2019hui, Poivre Blanc \u00e9voque beaucoup d\u2019affection et de caract\u00e8re. C\u2019est pour cela que nous continuons \u00e0 cr\u00e9er, pour notre plus grand plaisir, des v\u00eatements et accessoires pour les grands et les plus petits, selon notre devise :<\/p><p><strong>&#8221; LIFE WITH FRENCH EMOTION &#8220;<\/strong><\/p>\t\t\t\t\t\t\t\t<\/div>\n\t\t\t\t<\/div>\n\t\t\t\t<\/div>\n\t\t\t\t\t<\/div>\n\t\t\t\t<\/div>\n\t\t\t\t<\/div>\n\t\t","protected":false},"excerpt":{"rendered":"<p>HISTOIRE HUMBLES DEBUTS Notre histoire commence dans une petite boutique avec une petite \u00e9quipe. Avec rien d&#8217;autre que la passion et un r\u00eave, notre marque est n\u00e9e, en 1984. Poivre Blanc vous remercie pour votre confiance et votre fid\u00e9lit\u00e9 depuis presque 40 ans. Nos produits \u00e9tant plus \u00e9loquents que les mots, nous essayons chaque ann\u00e9e, [&hellip;]<\/p>\n","protected":false},"author":1,"featured_media":0,"parent":0,"menu_order":0,"comment_status":"closed","ping_status":"closed","template":"","meta":{"_acf_changed":false,"footnotes":""},"class_list":["post-898","page","type-page","status-publish","hentry"],"acf":[],"yoast_head":"<!-- This site is optimized with the Yoast SEO plugin v27.3 - https:\/\/yoast.com\/product\/yoast-seo-wordpress\/ -->\n<title>HISTOIRE - Poivre Blanc - BE<\/title>\n<meta name=\"robots\" content=\"index, follow, max-snippet:-1, max-image-preview:large, max-video-preview:-1\" \/>\n<link rel=\"canonical\" href=\"https:\/\/poivre-blanc.com\/be\/marque\/\" \/>\n<meta property=\"og:locale\" content=\"fr_FR\" \/>\n<meta property=\"og:type\" content=\"article\" \/>\n<meta property=\"og:title\" content=\"HISTOIRE - Poivre Blanc - BE\" \/>\n<meta property=\"og:description\" content=\"HISTOIRE HUMBLES DEBUTS Notre histoire commence dans une petite boutique avec une petite \u00e9quipe. Avec rien d&#8217;autre que la passion et un r\u00eave, notre marque est n\u00e9e, en 1984. Poivre Blanc vous remercie pour votre confiance et votre fid\u00e9lit\u00e9 depuis presque 40 ans. Nos produits \u00e9tant plus \u00e9loquents que les mots, nous essayons chaque ann\u00e9e, [&hellip;]\" \/>\n<meta property=\"og:url\" content=\"https:\/\/poivre-blanc.com\/be\/marque\/\" \/>\n<meta property=\"og:site_name\" content=\"Poivre Blanc - BE\" \/>\n<meta property=\"article:modified_time\" content=\"2024-11-19T11:31:25+00:00\" \/>\n<meta property=\"og:image\" content=\"https:\/\/poivre-blanc.com\/be\/wp-content\/uploads\/sites\/4\/2023\/12\/humble-debuts-surf.jpg\" \/>\n<meta name=\"twitter:card\" content=\"summary_large_image\" \/>\n<meta name=\"twitter:label1\" content=\"Dur\u00e9e de lecture estim\u00e9e\" \/>\n\t<meta name=\"twitter:data1\" content=\"1 minute\" \/>\n<script type=\"application\/ld+json\" class=\"yoast-schema-graph\">{\"@context\":\"https:\\\/\\\/schema.org\",\"@graph\":[{\"@type\":\"WebPage\",\"@id\":\"https:\\\/\\\/poivre-blanc.com\\\/be\\\/marque\\\/\",\"url\":\"https:\\\/\\\/poivre-blanc.com\\\/be\\\/marque\\\/\",\"name\":\"HISTOIRE - Poivre Blanc - BE\",\"isPartOf\":{\"@id\":\"https:\\\/\\\/poivre-blanc.com\\\/be\\\/#website\"},\"primaryImageOfPage\":{\"@id\":\"https:\\\/\\\/poivre-blanc.com\\\/be\\\/marque\\\/#primaryimage\"},\"image\":{\"@id\":\"https:\\\/\\\/poivre-blanc.com\\\/be\\\/marque\\\/#primaryimage\"},\"thumbnailUrl\":\"https:\\\/\\\/poivre-blanc.com\\\/be\\\/wp-content\\\/uploads\\\/sites\\\/4\\\/2023\\\/12\\\/humble-debuts-surf.jpg\",\"datePublished\":\"2023-12-27T09:16:16+00:00\",\"dateModified\":\"2024-11-19T11:31:25+00:00\",\"breadcrumb\":{\"@id\":\"https:\\\/\\\/poivre-blanc.com\\\/be\\\/marque\\\/#breadcrumb\"},\"inLanguage\":\"fr-FR\",\"potentialAction\":[{\"@type\":\"ReadAction\",\"target\":[\"https:\\\/\\\/poivre-blanc.com\\\/be\\\/marque\\\/\"]}]},{\"@type\":\"ImageObject\",\"inLanguage\":\"fr-FR\",\"@id\":\"https:\\\/\\\/poivre-blanc.com\\\/be\\\/marque\\\/#primaryimage\",\"url\":\"https:\\\/\\\/poivre-blanc.com\\\/be\\\/wp-content\\\/uploads\\\/sites\\\/4\\\/2023\\\/12\\\/humble-debuts-surf.jpg\",\"contentUrl\":\"https:\\\/\\\/poivre-blanc.com\\\/be\\\/wp-content\\\/uploads\\\/sites\\\/4\\\/2023\\\/12\\\/humble-debuts-surf.jpg\",\"width\":720,\"height\":1080},{\"@type\":\"BreadcrumbList\",\"@id\":\"https:\\\/\\\/poivre-blanc.com\\\/be\\\/marque\\\/#breadcrumb\",\"itemListElement\":[{\"@type\":\"ListItem\",\"position\":1,\"name\":\"Home\",\"item\":\"https:\\\/\\\/poivre-blanc.com\\\/be\\\/\"},{\"@type\":\"ListItem\",\"position\":2,\"name\":\"HISTOIRE\"}]},{\"@type\":\"WebSite\",\"@id\":\"https:\\\/\\\/poivre-blanc.com\\\/be\\\/#website\",\"url\":\"https:\\\/\\\/poivre-blanc.com\\\/be\\\/\",\"name\":\"Poivre Blanc - BE\",\"description\":\"\",\"publisher\":{\"@id\":\"https:\\\/\\\/poivre-blanc.com\\\/be\\\/#organization\"},\"potentialAction\":[{\"@type\":\"SearchAction\",\"target\":{\"@type\":\"EntryPoint\",\"urlTemplate\":\"https:\\\/\\\/poivre-blanc.com\\\/be\\\/?s={search_term_string}\"},\"query-input\":{\"@type\":\"PropertyValueSpecification\",\"valueRequired\":true,\"valueName\":\"search_term_string\"}}],\"inLanguage\":\"fr-FR\"},{\"@type\":\"Organization\",\"@id\":\"https:\\\/\\\/poivre-blanc.com\\\/be\\\/#organization\",\"name\":\"Poivre Blanc - BE\",\"url\":\"https:\\\/\\\/poivre-blanc.com\\\/be\\\/\",\"logo\":{\"@type\":\"ImageObject\",\"inLanguage\":\"fr-FR\",\"@id\":\"https:\\\/\\\/poivre-blanc.com\\\/be\\\/#\\\/schema\\\/logo\\\/image\\\/\",\"url\":\"https:\\\/\\\/poivre-blanc.com\\\/be\\\/wp-content\\\/uploads\\\/sites\\\/4\\\/2023\\\/12\\\/logo-blanc-e1712694389956.png\",\"contentUrl\":\"https:\\\/\\\/poivre-blanc.com\\\/be\\\/wp-content\\\/uploads\\\/sites\\\/4\\\/2023\\\/12\\\/logo-blanc-e1712694389956.png\",\"width\":244,\"height\":43,\"caption\":\"Poivre Blanc - BE\"},\"image\":{\"@id\":\"https:\\\/\\\/poivre-blanc.com\\\/be\\\/#\\\/schema\\\/logo\\\/image\\\/\"}}]}<\/script>\n<!-- \/ Yoast SEO plugin. -->","yoast_head_json":{"title":"HISTOIRE - Poivre Blanc - BE","robots":{"index":"index","follow":"follow","max-snippet":"max-snippet:-1","max-image-preview":"max-image-preview:large","max-video-preview":"max-video-preview:-1"},"canonical":"https:\/\/poivre-blanc.com\/be\/marque\/","og_locale":"fr_FR","og_type":"article","og_title":"HISTOIRE - Poivre Blanc - BE","og_description":"HISTOIRE HUMBLES DEBUTS Notre histoire commence dans une petite boutique avec une petite \u00e9quipe. Avec rien d&#8217;autre que la passion et un r\u00eave, notre marque est n\u00e9e, en 1984. Poivre Blanc vous remercie pour votre confiance et votre fid\u00e9lit\u00e9 depuis presque 40 ans. Nos produits \u00e9tant plus \u00e9loquents que les mots, nous essayons chaque ann\u00e9e, [&hellip;]","og_url":"https:\/\/poivre-blanc.com\/be\/marque\/","og_site_name":"Poivre Blanc - BE","article_modified_time":"2024-11-19T11:31:25+00:00","og_image":[{"url":"https:\/\/poivre-blanc.com\/be\/wp-content\/uploads\/sites\/4\/2023\/12\/humble-debuts-surf.jpg","type":"","width":"","height":""}],"twitter_card":"summary_large_image","twitter_misc":{"Dur\u00e9e de lecture estim\u00e9e":"1 minute"},"schema":{"@context":"https:\/\/schema.org","@graph":[{"@type":"WebPage","@id":"https:\/\/poivre-blanc.com\/be\/marque\/","url":"https:\/\/poivre-blanc.com\/be\/marque\/","name":"HISTOIRE - Poivre Blanc - BE","isPartOf":{"@id":"https:\/\/poivre-blanc.com\/be\/#website"},"primaryImageOfPage":{"@id":"https:\/\/poivre-blanc.com\/be\/marque\/#primaryimage"},"image":{"@id":"https:\/\/poivre-blanc.com\/be\/marque\/#primaryimage"},"thumbnailUrl":"https:\/\/poivre-blanc.com\/be\/wp-content\/uploads\/sites\/4\/2023\/12\/humble-debuts-surf.jpg","datePublished":"2023-12-27T09:16:16+00:00","dateModified":"2024-11-19T11:31:25+00:00","breadcrumb":{"@id":"https:\/\/poivre-blanc.com\/be\/marque\/#breadcrumb"},"inLanguage":"fr-FR","potentialAction":[{"@type":"ReadAction","target":["https:\/\/poivre-blanc.com\/be\/marque\/"]}]},{"@type":"ImageObject","inLanguage":"fr-FR","@id":"https:\/\/poivre-blanc.com\/be\/marque\/#primaryimage","url":"https:\/\/poivre-blanc.com\/be\/wp-content\/uploads\/sites\/4\/2023\/12\/humble-debuts-surf.jpg","contentUrl":"https:\/\/poivre-blanc.com\/be\/wp-content\/uploads\/sites\/4\/2023\/12\/humble-debuts-surf.jpg","width":720,"height":1080},{"@type":"BreadcrumbList","@id":"https:\/\/poivre-blanc.com\/be\/marque\/#breadcrumb","itemListElement":[{"@type":"ListItem","position":1,"name":"Home","item":"https:\/\/poivre-blanc.com\/be\/"},{"@type":"ListItem","position":2,"name":"HISTOIRE"}]},{"@type":"WebSite","@id":"https:\/\/poivre-blanc.com\/be\/#website","url":"https:\/\/poivre-blanc.com\/be\/","name":"Poivre Blanc - BE","description":"","publisher":{"@id":"https:\/\/poivre-blanc.com\/be\/#organization"},"potentialAction":[{"@type":"SearchAction","target":{"@type":"EntryPoint","urlTemplate":"https:\/\/poivre-blanc.com\/be\/?s={search_term_string}"},"query-input":{"@type":"PropertyValueSpecification","valueRequired":true,"valueName":"search_term_string"}}],"inLanguage":"fr-FR"},{"@type":"Organization","@id":"https:\/\/poivre-blanc.com\/be\/#organization","name":"Poivre Blanc - BE","url":"https:\/\/poivre-blanc.com\/be\/","logo":{"@type":"ImageObject","inLanguage":"fr-FR","@id":"https:\/\/poivre-blanc.com\/be\/#\/schema\/logo\/image\/","url":"https:\/\/poivre-blanc.com\/be\/wp-content\/uploads\/sites\/4\/2023\/12\/logo-blanc-e1712694389956.png","contentUrl":"https:\/\/poivre-blanc.com\/be\/wp-content\/uploads\/sites\/4\/2023\/12\/logo-blanc-e1712694389956.png","width":244,"height":43,"caption":"Poivre Blanc - BE"},"image":{"@id":"https:\/\/poivre-blanc.com\/be\/#\/schema\/logo\/image\/"}}]}},"_links":{"self":[{"href":"https:\/\/poivre-blanc.com\/be\/wp-json\/wp\/v2\/pages\/898","targetHints":{"allow":["GET"]}}],"collection":[{"href":"https:\/\/poivre-blanc.com\/be\/wp-json\/wp\/v2\/pages"}],"about":[{"href":"https:\/\/poivre-blanc.com\/be\/wp-json\/wp\/v2\/types\/page"}],"author":[{"embeddable":true,"href":"https:\/\/poivre-blanc.com\/be\/wp-json\/wp\/v2\/users\/1"}],"replies":[{"embeddable":true,"href":"https:\/\/poivre-blanc.com\/be\/wp-json\/wp\/v2\/comments?post=898"}],"version-history":[{"count":0,"href":"https:\/\/poivre-blanc.com\/be\/wp-json\/wp\/v2\/pages\/898\/revisions"}],"wp:attachment":[{"href":"https:\/\/poivre-blanc.com\/be\/wp-json\/wp\/v2\/media?parent=898"}],"curies":[{"name":"wp","href":"https:\/\/api.w.org\/{rel}","templated":true}]}}