{"id":43054,"date":"2025-03-06T10:08:02","date_gmt":"2025-03-06T09:08:02","guid":{"rendered":"https:\/\/poivre-blanc.com\/be\/produit\/veste-flore-2\/"},"modified":"2026-04-18T04:11:16","modified_gmt":"2026-04-18T02:11:16","slug":"veste-flore-2","status":"publish","type":"product","link":"https:\/\/poivre-blanc.com\/be\/produit\/veste-flore-2\/","title":{"rendered":"VESTE FLORE"},"content":{"rendered":"<p>Veste coupe vent extra-l\u00e9g\u00e8re, se plie facilement pour vous suivre dans toutes vos activit\u00e9s en ext\u00e9rieur. Se porte large pour un confort extr\u00e8me.<\/p>\n","protected":false},"excerpt":{"rendered":"<p>S25-2302-JRGL<\/p>\n","protected":false},"featured_media":64341,"comment_status":"closed","ping_status":"closed","template":"","meta":{"_acf_changed":false},"product_brand":[],"product_cat":[630,486,132,81,164],"product_tag":[611,615,169,437],"class_list":{"0":"post-43054","1":"product","2":"type-product","3":"status-publish","4":"has-post-thumbnail","6":"product_cat-s25","7":"product_cat-veste","8":"product_cat-classique","9":"product_cat-collection-ete","10":"product_cat-junior","11":"product_tag-blanc","12":"product_tag-bleu","13":"product_tag-ete","14":"product_tag-tout-afficher","16":"first","17":"instock","18":"taxable","19":"shipping-taxable","20":"purchasable","21":"product-type-variable","22":"add-to-wishlist-before_image"},"acf":[],"yoast_head":"<!-- This site is optimized with the Yoast SEO plugin v27.3 - https:\/\/yoast.com\/product\/yoast-seo-wordpress\/ -->\n<title>VESTE FLORE - Poivre Blanc - BE<\/title>\n<meta name=\"robots\" content=\"index, follow, max-snippet:-1, max-image-preview:large, max-video-preview:-1\" \/>\n<link rel=\"canonical\" href=\"https:\/\/poivre-blanc.com\/be\/produit\/veste-flore-2\/\" \/>\n<meta property=\"og:locale\" content=\"fr_FR\" \/>\n<meta property=\"og:type\" content=\"article\" \/>\n<meta property=\"og:title\" content=\"VESTE FLORE - Poivre Blanc - BE\" \/>\n<meta property=\"og:description\" content=\"S25-2302-JRGL\" \/>\n<meta property=\"og:url\" content=\"https:\/\/poivre-blanc.com\/be\/produit\/veste-flore-2\/\" \/>\n<meta property=\"og:site_name\" content=\"Poivre Blanc - BE\" \/>\n<meta property=\"article:modified_time\" content=\"2026-04-18T02:11:16+00:00\" \/>\n<meta property=\"og:image\" content=\"https:\/\/poivre-blanc.com\/be\/wp-content\/uploads\/sites\/4\/2025\/10\/32523020001-01.jpg\" \/>\n\t<meta property=\"og:image:width\" content=\"1000\" \/>\n\t<meta property=\"og:image:height\" content=\"1500\" \/>\n\t<meta property=\"og:image:type\" content=\"image\/jpeg\" \/>\n<meta name=\"twitter:card\" content=\"summary_large_image\" \/>\n<meta name=\"twitter:label1\" content=\"Disponibilit\u00e9\" \/>\n\t<meta name=\"twitter:data1\" content=\"En stock\" \/>\n<script type=\"application\/ld+json\" class=\"yoast-schema-graph\">{\"@context\":\"https:\\\/\\\/schema.org\",\"@graph\":[{\"@type\":[\"WebPage\",\"ItemPage\"],\"@id\":\"https:\\\/\\\/poivre-blanc.com\\\/be\\\/produit\\\/veste-flore-2\\\/\",\"url\":\"https:\\\/\\\/poivre-blanc.com\\\/be\\\/produit\\\/veste-flore-2\\\/\",\"name\":\"VESTE FLORE - Poivre Blanc - BE\",\"isPartOf\":{\"@id\":\"https:\\\/\\\/poivre-blanc.com\\\/be\\\/#website\"},\"primaryImageOfPage\":{\"@id\":\"https:\\\/\\\/poivre-blanc.com\\\/be\\\/produit\\\/veste-flore-2\\\/#primaryimage\"},\"image\":{\"@id\":\"https:\\\/\\\/poivre-blanc.com\\\/be\\\/produit\\\/veste-flore-2\\\/#primaryimage\"},\"thumbnailUrl\":\"https:\\\/\\\/poivre-blanc.com\\\/be\\\/wp-content\\\/uploads\\\/sites\\\/4\\\/2025\\\/10\\\/32523020001-01.jpg\",\"datePublished\":\"2025-03-06T09:08:02+00:00\",\"dateModified\":\"2026-04-18T02:11:16+00:00\",\"breadcrumb\":{\"@id\":\"https:\\\/\\\/poivre-blanc.com\\\/be\\\/produit\\\/veste-flore-2\\\/#breadcrumb\"},\"inLanguage\":\"fr-FR\",\"potentialAction\":[{\"@type\":\"ReadAction\",\"target\":[\"https:\\\/\\\/poivre-blanc.com\\\/be\\\/produit\\\/veste-flore-2\\\/\"]}]},{\"@type\":\"ImageObject\",\"inLanguage\":\"fr-FR\",\"@id\":\"https:\\\/\\\/poivre-blanc.com\\\/be\\\/produit\\\/veste-flore-2\\\/#primaryimage\",\"url\":\"https:\\\/\\\/poivre-blanc.com\\\/be\\\/wp-content\\\/uploads\\\/sites\\\/4\\\/2025\\\/10\\\/32523020001-01.jpg\",\"contentUrl\":\"https:\\\/\\\/poivre-blanc.com\\\/be\\\/wp-content\\\/uploads\\\/sites\\\/4\\\/2025\\\/10\\\/32523020001-01.jpg\",\"width\":1000,\"height\":1500},{\"@type\":\"BreadcrumbList\",\"@id\":\"https:\\\/\\\/poivre-blanc.com\\\/be\\\/produit\\\/veste-flore-2\\\/#breadcrumb\",\"itemListElement\":[{\"@type\":\"ListItem\",\"position\":1,\"name\":\"Home\",\"item\":\"https:\\\/\\\/poivre-blanc.com\\\/be\\\/\"},{\"@type\":\"ListItem\",\"position\":2,\"name\":\"Produits\",\"item\":\"https:\\\/\\\/poivre-blanc.com\\\/be\\\/shop\\\/\"},{\"@type\":\"ListItem\",\"position\":3,\"name\":\"Veste\",\"item\":\"https:\\\/\\\/poivre-blanc.com\\\/be\\\/nos-produits\\\/veste\\\/\"},{\"@type\":\"ListItem\",\"position\":4,\"name\":\"VESTE FLORE\"}]},{\"@type\":\"WebSite\",\"@id\":\"https:\\\/\\\/poivre-blanc.com\\\/be\\\/#website\",\"url\":\"https:\\\/\\\/poivre-blanc.com\\\/be\\\/\",\"name\":\"Poivre Blanc - BE\",\"description\":\"\",\"publisher\":{\"@id\":\"https:\\\/\\\/poivre-blanc.com\\\/be\\\/#organization\"},\"potentialAction\":[{\"@type\":\"SearchAction\",\"target\":{\"@type\":\"EntryPoint\",\"urlTemplate\":\"https:\\\/\\\/poivre-blanc.com\\\/be\\\/?s={search_term_string}\"},\"query-input\":{\"@type\":\"PropertyValueSpecification\",\"valueRequired\":true,\"valueName\":\"search_term_string\"}}],\"inLanguage\":\"fr-FR\"},{\"@type\":\"Organization\",\"@id\":\"https:\\\/\\\/poivre-blanc.com\\\/be\\\/#organization\",\"name\":\"Poivre Blanc - BE\",\"url\":\"https:\\\/\\\/poivre-blanc.com\\\/be\\\/\",\"logo\":{\"@type\":\"ImageObject\",\"inLanguage\":\"fr-FR\",\"@id\":\"https:\\\/\\\/poivre-blanc.com\\\/be\\\/#\\\/schema\\\/logo\\\/image\\\/\",\"url\":\"https:\\\/\\\/poivre-blanc.com\\\/be\\\/wp-content\\\/uploads\\\/sites\\\/4\\\/2023\\\/12\\\/logo-blanc-e1712694389956.png\",\"contentUrl\":\"https:\\\/\\\/poivre-blanc.com\\\/be\\\/wp-content\\\/uploads\\\/sites\\\/4\\\/2023\\\/12\\\/logo-blanc-e1712694389956.png\",\"width\":244,\"height\":43,\"caption\":\"Poivre Blanc - BE\"},\"image\":{\"@id\":\"https:\\\/\\\/poivre-blanc.com\\\/be\\\/#\\\/schema\\\/logo\\\/image\\\/\"}}]}<\/script>\n<meta property=\"og:availability\" content=\"instock\" \/>\n<meta property=\"product:availability\" content=\"instock\" \/>\n<meta property=\"product:retailer_item_id\" content=\"3607971992555-p\" \/>\n<meta property=\"product:condition\" content=\"new\" \/>\n<!-- \/ Yoast SEO plugin. -->","yoast_head_json":{"title":"VESTE FLORE - Poivre Blanc - BE","robots":{"index":"index","follow":"follow","max-snippet":"max-snippet:-1","max-image-preview":"max-image-preview:large","max-video-preview":"max-video-preview:-1"},"canonical":"https:\/\/poivre-blanc.com\/be\/produit\/veste-flore-2\/","og_locale":"fr_FR","og_type":"article","og_title":"VESTE FLORE - Poivre Blanc - BE","og_description":"S25-2302-JRGL","og_url":"https:\/\/poivre-blanc.com\/be\/produit\/veste-flore-2\/","og_site_name":"Poivre Blanc - BE","article_modified_time":"2026-04-18T02:11:16+00:00","og_image":[{"width":1000,"height":1500,"url":"https:\/\/poivre-blanc.com\/be\/wp-content\/uploads\/sites\/4\/2025\/10\/32523020001-01.jpg","type":"image\/jpeg"}],"twitter_card":"summary_large_image","twitter_misc":{"Disponibilit\u00e9":"En stock"},"schema":{"@context":"https:\/\/schema.org","@graph":[{"@type":["WebPage","ItemPage"],"@id":"https:\/\/poivre-blanc.com\/be\/produit\/veste-flore-2\/","url":"https:\/\/poivre-blanc.com\/be\/produit\/veste-flore-2\/","name":"VESTE FLORE - Poivre Blanc - BE","isPartOf":{"@id":"https:\/\/poivre-blanc.com\/be\/#website"},"primaryImageOfPage":{"@id":"https:\/\/poivre-blanc.com\/be\/produit\/veste-flore-2\/#primaryimage"},"image":{"@id":"https:\/\/poivre-blanc.com\/be\/produit\/veste-flore-2\/#primaryimage"},"thumbnailUrl":"https:\/\/poivre-blanc.com\/be\/wp-content\/uploads\/sites\/4\/2025\/10\/32523020001-01.jpg","datePublished":"2025-03-06T09:08:02+00:00","dateModified":"2026-04-18T02:11:16+00:00","breadcrumb":{"@id":"https:\/\/poivre-blanc.com\/be\/produit\/veste-flore-2\/#breadcrumb"},"inLanguage":"fr-FR","potentialAction":[{"@type":"ReadAction","target":["https:\/\/poivre-blanc.com\/be\/produit\/veste-flore-2\/"]}]},{"@type":"ImageObject","inLanguage":"fr-FR","@id":"https:\/\/poivre-blanc.com\/be\/produit\/veste-flore-2\/#primaryimage","url":"https:\/\/poivre-blanc.com\/be\/wp-content\/uploads\/sites\/4\/2025\/10\/32523020001-01.jpg","contentUrl":"https:\/\/poivre-blanc.com\/be\/wp-content\/uploads\/sites\/4\/2025\/10\/32523020001-01.jpg","width":1000,"height":1500},{"@type":"BreadcrumbList","@id":"https:\/\/poivre-blanc.com\/be\/produit\/veste-flore-2\/#breadcrumb","itemListElement":[{"@type":"ListItem","position":1,"name":"Home","item":"https:\/\/poivre-blanc.com\/be\/"},{"@type":"ListItem","position":2,"name":"Produits","item":"https:\/\/poivre-blanc.com\/be\/shop\/"},{"@type":"ListItem","position":3,"name":"Veste","item":"https:\/\/poivre-blanc.com\/be\/nos-produits\/veste\/"},{"@type":"ListItem","position":4,"name":"VESTE FLORE"}]},{"@type":"WebSite","@id":"https:\/\/poivre-blanc.com\/be\/#website","url":"https:\/\/poivre-blanc.com\/be\/","name":"Poivre Blanc - BE","description":"","publisher":{"@id":"https:\/\/poivre-blanc.com\/be\/#organization"},"potentialAction":[{"@type":"SearchAction","target":{"@type":"EntryPoint","urlTemplate":"https:\/\/poivre-blanc.com\/be\/?s={search_term_string}"},"query-input":{"@type":"PropertyValueSpecification","valueRequired":true,"valueName":"search_term_string"}}],"inLanguage":"fr-FR"},{"@type":"Organization","@id":"https:\/\/poivre-blanc.com\/be\/#organization","name":"Poivre Blanc - BE","url":"https:\/\/poivre-blanc.com\/be\/","logo":{"@type":"ImageObject","inLanguage":"fr-FR","@id":"https:\/\/poivre-blanc.com\/be\/#\/schema\/logo\/image\/","url":"https:\/\/poivre-blanc.com\/be\/wp-content\/uploads\/sites\/4\/2023\/12\/logo-blanc-e1712694389956.png","contentUrl":"https:\/\/poivre-blanc.com\/be\/wp-content\/uploads\/sites\/4\/2023\/12\/logo-blanc-e1712694389956.png","width":244,"height":43,"caption":"Poivre Blanc - BE"},"image":{"@id":"https:\/\/poivre-blanc.com\/be\/#\/schema\/logo\/image\/"}}]},"og_availability":"instock","product_availability":"instock","product_retailer_item_id":"3607971992555-p","product_condition":"new"},"_links":{"self":[{"href":"https:\/\/poivre-blanc.com\/be\/wp-json\/wp\/v2\/product\/43054","targetHints":{"allow":["GET"]}}],"collection":[{"href":"https:\/\/poivre-blanc.com\/be\/wp-json\/wp\/v2\/product"}],"about":[{"href":"https:\/\/poivre-blanc.com\/be\/wp-json\/wp\/v2\/types\/product"}],"replies":[{"embeddable":true,"href":"https:\/\/poivre-blanc.com\/be\/wp-json\/wp\/v2\/comments?post=43054"}],"wp:featuredmedia":[{"embeddable":true,"href":"https:\/\/poivre-blanc.com\/be\/wp-json\/wp\/v2\/media\/64341"}],"wp:attachment":[{"href":"https:\/\/poivre-blanc.com\/be\/wp-json\/wp\/v2\/media?parent=43054"}],"wp:term":[{"taxonomy":"product_brand","embeddable":true,"href":"https:\/\/poivre-blanc.com\/be\/wp-json\/wp\/v2\/product_brand?post=43054"},{"taxonomy":"product_cat","embeddable":true,"href":"https:\/\/poivre-blanc.com\/be\/wp-json\/wp\/v2\/product_cat?post=43054"},{"taxonomy":"product_tag","embeddable":true,"href":"https:\/\/poivre-blanc.com\/be\/wp-json\/wp\/v2\/product_tag?post=43054"}],"curies":[{"name":"wp","href":"https:\/\/api.w.org\/{rel}","templated":true}]}}