{"id":58774,"date":"2025-10-16T16:26:50","date_gmt":"2025-10-16T14:26:50","guid":{"rendered":"https:\/\/poivre-blanc.com\/be\/?post_type=product&#038;p=58774"},"modified":"2026-04-18T07:15:23","modified_gmt":"2026-04-18T05:15:23","slug":"gilet-en-fausse-fourrure-furry","status":"publish","type":"product","link":"https:\/\/poivre-blanc.com\/be\/produit\/gilet-en-fausse-fourrure-furry\/","title":{"rendered":"GILET EN FAUSSE FOURRURE FURRY"},"content":{"rendered":"<p>Une fausse fourrure ultra-douce pour un hiver styl\u00e9 et douillet.<br \/>\nS\u2019ajuste parfaitement gr\u00e2ce \u00e0 ses liens lat\u00e9raux.<br \/>\nUn essentiel cocooning pour sublimer toutes vos tenues hivernales.<br \/>\nAlliez confort thermique et allure chic en un clin d&#8217;\u0153il.<\/p>\n","protected":false},"excerpt":{"rendered":"<p>FURRY-WO<\/p>\n","protected":false},"featured_media":67549,"comment_status":"open","ping_status":"closed","template":"","meta":{"_acf_changed":false},"product_brand":[],"product_cat":[1227,1317,1190,1318,132,483,51,567],"product_tag":[611,510,614,437],"class_list":{"0":"post-58774","1":"product","2":"type-product","3":"status-publish","4":"has-post-thumbnail","6":"product_cat-gilet","7":"product_cat-nouveautes-hiver","8":"product_cat-nouveaute-hiver-femme","9":"product_cat-ski-veste-femme","10":"product_cat-classique","11":"product_cat-hiver","12":"product_cat-collection-femme","13":"product_cat-femme-hiver","14":"product_tag-blanc","15":"product_tag-hiver","16":"product_tag-noir","17":"product_tag-tout-afficher","19":"first","20":"outofstock","21":"taxable","22":"shipping-taxable","23":"purchasable","24":"product-type-variable","25":"add-to-wishlist-before_image"},"acf":[],"yoast_head":"<!-- This site is optimized with the Yoast SEO plugin v27.3 - https:\/\/yoast.com\/product\/yoast-seo-wordpress\/ -->\n<title>GILET EN FAUSSE FOURRURE FURRY - Poivre Blanc - BE<\/title>\n<meta name=\"robots\" content=\"index, follow, max-snippet:-1, max-image-preview:large, max-video-preview:-1\" \/>\n<link rel=\"canonical\" href=\"https:\/\/poivre-blanc.com\/be\/produit\/gilet-en-fausse-fourrure-furry\/\" \/>\n<meta property=\"og:locale\" content=\"fr_FR\" \/>\n<meta property=\"og:type\" content=\"article\" \/>\n<meta property=\"og:title\" content=\"GILET EN FAUSSE FOURRURE FURRY - Poivre Blanc - BE\" \/>\n<meta property=\"og:description\" content=\"FURRY-WO\" \/>\n<meta property=\"og:url\" content=\"https:\/\/poivre-blanc.com\/be\/produit\/gilet-en-fausse-fourrure-furry\/\" \/>\n<meta property=\"og:site_name\" content=\"Poivre Blanc - BE\" \/>\n<meta property=\"article:modified_time\" content=\"2026-04-18T05:15:23+00:00\" \/>\n<meta property=\"og:image\" content=\"https:\/\/poivre-blanc.com\/be\/wp-content\/uploads\/sites\/4\/2025\/11\/12571059000-01.jpg\" \/>\n\t<meta property=\"og:image:width\" content=\"1000\" \/>\n\t<meta property=\"og:image:height\" content=\"1500\" \/>\n\t<meta property=\"og:image:type\" content=\"image\/jpeg\" \/>\n<meta name=\"twitter:card\" content=\"summary_large_image\" \/>\n<meta name=\"twitter:label1\" content=\"Disponibilit\u00e9\" \/>\n\t<meta name=\"twitter:data1\" content=\"Rupture de stock\" \/>\n<script type=\"application\/ld+json\" class=\"yoast-schema-graph\">{\"@context\":\"https:\\\/\\\/schema.org\",\"@graph\":[{\"@type\":[\"WebPage\",\"ItemPage\"],\"@id\":\"https:\\\/\\\/poivre-blanc.com\\\/be\\\/produit\\\/gilet-en-fausse-fourrure-furry\\\/\",\"url\":\"https:\\\/\\\/poivre-blanc.com\\\/be\\\/produit\\\/gilet-en-fausse-fourrure-furry\\\/\",\"name\":\"GILET EN FAUSSE FOURRURE FURRY - Poivre Blanc - BE\",\"isPartOf\":{\"@id\":\"https:\\\/\\\/poivre-blanc.com\\\/be\\\/#website\"},\"primaryImageOfPage\":{\"@id\":\"https:\\\/\\\/poivre-blanc.com\\\/be\\\/produit\\\/gilet-en-fausse-fourrure-furry\\\/#primaryimage\"},\"image\":{\"@id\":\"https:\\\/\\\/poivre-blanc.com\\\/be\\\/produit\\\/gilet-en-fausse-fourrure-furry\\\/#primaryimage\"},\"thumbnailUrl\":\"https:\\\/\\\/poivre-blanc.com\\\/be\\\/wp-content\\\/uploads\\\/sites\\\/4\\\/2025\\\/11\\\/12571059000-01.jpg\",\"datePublished\":\"2025-10-16T14:26:50+00:00\",\"dateModified\":\"2026-04-18T05:15:23+00:00\",\"breadcrumb\":{\"@id\":\"https:\\\/\\\/poivre-blanc.com\\\/be\\\/produit\\\/gilet-en-fausse-fourrure-furry\\\/#breadcrumb\"},\"inLanguage\":\"fr-FR\",\"potentialAction\":[{\"@type\":\"ReadAction\",\"target\":[\"https:\\\/\\\/poivre-blanc.com\\\/be\\\/produit\\\/gilet-en-fausse-fourrure-furry\\\/\"]}]},{\"@type\":\"ImageObject\",\"inLanguage\":\"fr-FR\",\"@id\":\"https:\\\/\\\/poivre-blanc.com\\\/be\\\/produit\\\/gilet-en-fausse-fourrure-furry\\\/#primaryimage\",\"url\":\"https:\\\/\\\/poivre-blanc.com\\\/be\\\/wp-content\\\/uploads\\\/sites\\\/4\\\/2025\\\/11\\\/12571059000-01.jpg\",\"contentUrl\":\"https:\\\/\\\/poivre-blanc.com\\\/be\\\/wp-content\\\/uploads\\\/sites\\\/4\\\/2025\\\/11\\\/12571059000-01.jpg\",\"width\":1000,\"height\":1500},{\"@type\":\"BreadcrumbList\",\"@id\":\"https:\\\/\\\/poivre-blanc.com\\\/be\\\/produit\\\/gilet-en-fausse-fourrure-furry\\\/#breadcrumb\",\"itemListElement\":[{\"@type\":\"ListItem\",\"position\":1,\"name\":\"Home\",\"item\":\"https:\\\/\\\/poivre-blanc.com\\\/be\\\/\"},{\"@type\":\"ListItem\",\"position\":2,\"name\":\"Produits\",\"item\":\"https:\\\/\\\/poivre-blanc.com\\\/be\\\/shop\\\/\"},{\"@type\":\"ListItem\",\"position\":3,\"name\":\"Femme\",\"item\":\"https:\\\/\\\/poivre-blanc.com\\\/be\\\/nos-produits\\\/collection-femme\\\/\"},{\"@type\":\"ListItem\",\"position\":4,\"name\":\"Nouveaut\u00e9s Hiver Femmes 2025 - 2026\",\"item\":\"https:\\\/\\\/poivre-blanc.com\\\/be\\\/nos-produits\\\/collection-femme\\\/nouveaute-hiver-femme\\\/\"},{\"@type\":\"ListItem\",\"position\":5,\"name\":\"GILET EN FAUSSE FOURRURE FURRY\"}]},{\"@type\":\"WebSite\",\"@id\":\"https:\\\/\\\/poivre-blanc.com\\\/be\\\/#website\",\"url\":\"https:\\\/\\\/poivre-blanc.com\\\/be\\\/\",\"name\":\"Poivre Blanc - BE\",\"description\":\"\",\"publisher\":{\"@id\":\"https:\\\/\\\/poivre-blanc.com\\\/be\\\/#organization\"},\"potentialAction\":[{\"@type\":\"SearchAction\",\"target\":{\"@type\":\"EntryPoint\",\"urlTemplate\":\"https:\\\/\\\/poivre-blanc.com\\\/be\\\/?s={search_term_string}\"},\"query-input\":{\"@type\":\"PropertyValueSpecification\",\"valueRequired\":true,\"valueName\":\"search_term_string\"}}],\"inLanguage\":\"fr-FR\"},{\"@type\":\"Organization\",\"@id\":\"https:\\\/\\\/poivre-blanc.com\\\/be\\\/#organization\",\"name\":\"Poivre Blanc - BE\",\"url\":\"https:\\\/\\\/poivre-blanc.com\\\/be\\\/\",\"logo\":{\"@type\":\"ImageObject\",\"inLanguage\":\"fr-FR\",\"@id\":\"https:\\\/\\\/poivre-blanc.com\\\/be\\\/#\\\/schema\\\/logo\\\/image\\\/\",\"url\":\"https:\\\/\\\/poivre-blanc.com\\\/be\\\/wp-content\\\/uploads\\\/sites\\\/4\\\/2023\\\/12\\\/logo-blanc-e1712694389956.png\",\"contentUrl\":\"https:\\\/\\\/poivre-blanc.com\\\/be\\\/wp-content\\\/uploads\\\/sites\\\/4\\\/2023\\\/12\\\/logo-blanc-e1712694389956.png\",\"width\":244,\"height\":43,\"caption\":\"Poivre Blanc - BE\"},\"image\":{\"@id\":\"https:\\\/\\\/poivre-blanc.com\\\/be\\\/#\\\/schema\\\/logo\\\/image\\\/\"}}]}<\/script>\n<meta property=\"og:availability\" content=\"out of stock\" \/>\n<meta property=\"product:availability\" content=\"out of stock\" \/>\n<meta property=\"product:retailer_item_id\" content=\"3607972002598-p\" \/>\n<meta property=\"product:condition\" content=\"new\" \/>\n<!-- \/ Yoast SEO plugin. -->","yoast_head_json":{"title":"GILET EN FAUSSE FOURRURE FURRY - Poivre Blanc - BE","robots":{"index":"index","follow":"follow","max-snippet":"max-snippet:-1","max-image-preview":"max-image-preview:large","max-video-preview":"max-video-preview:-1"},"canonical":"https:\/\/poivre-blanc.com\/be\/produit\/gilet-en-fausse-fourrure-furry\/","og_locale":"fr_FR","og_type":"article","og_title":"GILET EN FAUSSE FOURRURE FURRY - Poivre Blanc - BE","og_description":"FURRY-WO","og_url":"https:\/\/poivre-blanc.com\/be\/produit\/gilet-en-fausse-fourrure-furry\/","og_site_name":"Poivre Blanc - BE","article_modified_time":"2026-04-18T05:15:23+00:00","og_image":[{"width":1000,"height":1500,"url":"https:\/\/poivre-blanc.com\/be\/wp-content\/uploads\/sites\/4\/2025\/11\/12571059000-01.jpg","type":"image\/jpeg"}],"twitter_card":"summary_large_image","twitter_misc":{"Disponibilit\u00e9":"Rupture de stock"},"schema":{"@context":"https:\/\/schema.org","@graph":[{"@type":["WebPage","ItemPage"],"@id":"https:\/\/poivre-blanc.com\/be\/produit\/gilet-en-fausse-fourrure-furry\/","url":"https:\/\/poivre-blanc.com\/be\/produit\/gilet-en-fausse-fourrure-furry\/","name":"GILET EN FAUSSE FOURRURE FURRY - Poivre Blanc - BE","isPartOf":{"@id":"https:\/\/poivre-blanc.com\/be\/#website"},"primaryImageOfPage":{"@id":"https:\/\/poivre-blanc.com\/be\/produit\/gilet-en-fausse-fourrure-furry\/#primaryimage"},"image":{"@id":"https:\/\/poivre-blanc.com\/be\/produit\/gilet-en-fausse-fourrure-furry\/#primaryimage"},"thumbnailUrl":"https:\/\/poivre-blanc.com\/be\/wp-content\/uploads\/sites\/4\/2025\/11\/12571059000-01.jpg","datePublished":"2025-10-16T14:26:50+00:00","dateModified":"2026-04-18T05:15:23+00:00","breadcrumb":{"@id":"https:\/\/poivre-blanc.com\/be\/produit\/gilet-en-fausse-fourrure-furry\/#breadcrumb"},"inLanguage":"fr-FR","potentialAction":[{"@type":"ReadAction","target":["https:\/\/poivre-blanc.com\/be\/produit\/gilet-en-fausse-fourrure-furry\/"]}]},{"@type":"ImageObject","inLanguage":"fr-FR","@id":"https:\/\/poivre-blanc.com\/be\/produit\/gilet-en-fausse-fourrure-furry\/#primaryimage","url":"https:\/\/poivre-blanc.com\/be\/wp-content\/uploads\/sites\/4\/2025\/11\/12571059000-01.jpg","contentUrl":"https:\/\/poivre-blanc.com\/be\/wp-content\/uploads\/sites\/4\/2025\/11\/12571059000-01.jpg","width":1000,"height":1500},{"@type":"BreadcrumbList","@id":"https:\/\/poivre-blanc.com\/be\/produit\/gilet-en-fausse-fourrure-furry\/#breadcrumb","itemListElement":[{"@type":"ListItem","position":1,"name":"Home","item":"https:\/\/poivre-blanc.com\/be\/"},{"@type":"ListItem","position":2,"name":"Produits","item":"https:\/\/poivre-blanc.com\/be\/shop\/"},{"@type":"ListItem","position":3,"name":"Femme","item":"https:\/\/poivre-blanc.com\/be\/nos-produits\/collection-femme\/"},{"@type":"ListItem","position":4,"name":"Nouveaut\u00e9s Hiver Femmes 2025 - 2026","item":"https:\/\/poivre-blanc.com\/be\/nos-produits\/collection-femme\/nouveaute-hiver-femme\/"},{"@type":"ListItem","position":5,"name":"GILET EN FAUSSE FOURRURE FURRY"}]},{"@type":"WebSite","@id":"https:\/\/poivre-blanc.com\/be\/#website","url":"https:\/\/poivre-blanc.com\/be\/","name":"Poivre Blanc - BE","description":"","publisher":{"@id":"https:\/\/poivre-blanc.com\/be\/#organization"},"potentialAction":[{"@type":"SearchAction","target":{"@type":"EntryPoint","urlTemplate":"https:\/\/poivre-blanc.com\/be\/?s={search_term_string}"},"query-input":{"@type":"PropertyValueSpecification","valueRequired":true,"valueName":"search_term_string"}}],"inLanguage":"fr-FR"},{"@type":"Organization","@id":"https:\/\/poivre-blanc.com\/be\/#organization","name":"Poivre Blanc - BE","url":"https:\/\/poivre-blanc.com\/be\/","logo":{"@type":"ImageObject","inLanguage":"fr-FR","@id":"https:\/\/poivre-blanc.com\/be\/#\/schema\/logo\/image\/","url":"https:\/\/poivre-blanc.com\/be\/wp-content\/uploads\/sites\/4\/2023\/12\/logo-blanc-e1712694389956.png","contentUrl":"https:\/\/poivre-blanc.com\/be\/wp-content\/uploads\/sites\/4\/2023\/12\/logo-blanc-e1712694389956.png","width":244,"height":43,"caption":"Poivre Blanc - BE"},"image":{"@id":"https:\/\/poivre-blanc.com\/be\/#\/schema\/logo\/image\/"}}]},"og_availability":"out of stock","product_availability":"out of stock","product_retailer_item_id":"3607972002598-p","product_condition":"new"},"_links":{"self":[{"href":"https:\/\/poivre-blanc.com\/be\/wp-json\/wp\/v2\/product\/58774","targetHints":{"allow":["GET"]}}],"collection":[{"href":"https:\/\/poivre-blanc.com\/be\/wp-json\/wp\/v2\/product"}],"about":[{"href":"https:\/\/poivre-blanc.com\/be\/wp-json\/wp\/v2\/types\/product"}],"replies":[{"embeddable":true,"href":"https:\/\/poivre-blanc.com\/be\/wp-json\/wp\/v2\/comments?post=58774"}],"wp:featuredmedia":[{"embeddable":true,"href":"https:\/\/poivre-blanc.com\/be\/wp-json\/wp\/v2\/media\/67549"}],"wp:attachment":[{"href":"https:\/\/poivre-blanc.com\/be\/wp-json\/wp\/v2\/media?parent=58774"}],"wp:term":[{"taxonomy":"product_brand","embeddable":true,"href":"https:\/\/poivre-blanc.com\/be\/wp-json\/wp\/v2\/product_brand?post=58774"},{"taxonomy":"product_cat","embeddable":true,"href":"https:\/\/poivre-blanc.com\/be\/wp-json\/wp\/v2\/product_cat?post=58774"},{"taxonomy":"product_tag","embeddable":true,"href":"https:\/\/poivre-blanc.com\/be\/wp-json\/wp\/v2\/product_tag?post=58774"}],"curies":[{"name":"wp","href":"https:\/\/api.w.org\/{rel}","templated":true}]}}