{"id":77019,"date":"2026-01-07T04:14:07","date_gmt":"2026-01-07T04:14:07","guid":{"rendered":"https:\/\/poivre-blanc.com\/be\/?post_type=product&#038;p=77019"},"modified":"2026-04-18T06:28:04","modified_gmt":"2026-04-18T04:28:04","slug":"salopette-de-ski-petite-fille","status":"publish","type":"product","link":"https:\/\/poivre-blanc.com\/be\/produit\/salopette-de-ski-petite-fille\/","title":{"rendered":"Salopette de ski Petite fille"},"content":{"rendered":"<p>Tissu technique satin\u00e9.<br \/>\nImperm\u00e9able, respirant, hydrofuge.<br \/>\nIsolation avec rembourrage compact thermique.<br \/>\nSyst\u00e8me LL (longueur de jambe r\u00e9glable).<br \/>\nFermetures zipp\u00e9es et pressionn\u00e9es sur le devant.<br \/>\nPoches mains zipp\u00e9es.<br \/>\nGenoux articul\u00e9s.<br \/>\nGu\u00eatre pare-neige \u00e0 l&#8217;int\u00e9rieur de la jambe.<br \/>\nBretelles \u00e9lastiques et r\u00e9glables<\/p>\n","protected":false},"excerpt":{"rendered":"<p>W23-1024-BBGL\/A Ski Bib Pants<\/p>\n","protected":false},"featured_media":69315,"comment_status":"open","ping_status":"closed","template":"","meta":{"_acf_changed":false},"product_brand":[],"product_cat":[1492,1493,1476,1491],"product_tag":[611,615,614,617,613],"class_list":{"0":"post-77019","1":"product","2":"type-product","3":"status-publish","4":"has-post-thumbnail","6":"product_cat-fille","7":"product_cat-junior","8":"product_cat-outlet-hiver","9":"product_cat-pantalon","10":"product_tag-blanc","11":"product_tag-bleu","12":"product_tag-noir","13":"product_tag-rose","14":"product_tag-vert","16":"first","17":"instock","18":"sale","19":"taxable","20":"shipping-taxable","21":"purchasable","22":"product-type-variable","23":"add-to-wishlist-before_image"},"acf":[],"yoast_head":"<!-- This site is optimized with the Yoast SEO plugin v27.3 - https:\/\/yoast.com\/product\/yoast-seo-wordpress\/ -->\n<title>Salopette de ski Petite fille - Poivre Blanc - BE<\/title>\n<meta name=\"robots\" content=\"index, follow, max-snippet:-1, max-image-preview:large, max-video-preview:-1\" \/>\n<link rel=\"canonical\" href=\"https:\/\/poivre-blanc.com\/be\/produit\/salopette-de-ski-petite-fille\/\" \/>\n<meta property=\"og:locale\" content=\"fr_FR\" \/>\n<meta property=\"og:type\" content=\"article\" \/>\n<meta property=\"og:title\" content=\"Salopette de ski Petite fille - Poivre Blanc - BE\" \/>\n<meta property=\"og:description\" content=\"W23-1024-BBGL\/A Ski Bib Pants\" \/>\n<meta property=\"og:url\" content=\"https:\/\/poivre-blanc.com\/be\/produit\/salopette-de-ski-petite-fille\/\" \/>\n<meta property=\"og:site_name\" content=\"Poivre Blanc - BE\" \/>\n<meta property=\"article:modified_time\" content=\"2026-04-18T04:28:04+00:00\" \/>\n<meta property=\"og:image\" content=\"https:\/\/poivre-blanc.com\/be\/wp-content\/uploads\/sites\/4\/2026\/02\/4202520396-01.jpg\" \/>\n\t<meta property=\"og:image:width\" content=\"1000\" \/>\n\t<meta property=\"og:image:height\" content=\"1500\" \/>\n\t<meta property=\"og:image:type\" content=\"image\/jpeg\" \/>\n<meta name=\"twitter:card\" content=\"summary_large_image\" \/>\n<meta name=\"twitter:label1\" content=\"Disponibilit\u00e9\" \/>\n\t<meta name=\"twitter:data1\" content=\"En stock\" \/>\n<script type=\"application\/ld+json\" class=\"yoast-schema-graph\">{\"@context\":\"https:\\\/\\\/schema.org\",\"@graph\":[{\"@type\":[\"WebPage\",\"ItemPage\"],\"@id\":\"https:\\\/\\\/poivre-blanc.com\\\/be\\\/produit\\\/salopette-de-ski-petite-fille\\\/\",\"url\":\"https:\\\/\\\/poivre-blanc.com\\\/be\\\/produit\\\/salopette-de-ski-petite-fille\\\/\",\"name\":\"Salopette de ski Petite fille - Poivre Blanc - BE\",\"isPartOf\":{\"@id\":\"https:\\\/\\\/poivre-blanc.com\\\/be\\\/#website\"},\"primaryImageOfPage\":{\"@id\":\"https:\\\/\\\/poivre-blanc.com\\\/be\\\/produit\\\/salopette-de-ski-petite-fille\\\/#primaryimage\"},\"image\":{\"@id\":\"https:\\\/\\\/poivre-blanc.com\\\/be\\\/produit\\\/salopette-de-ski-petite-fille\\\/#primaryimage\"},\"thumbnailUrl\":\"https:\\\/\\\/poivre-blanc.com\\\/be\\\/wp-content\\\/uploads\\\/sites\\\/4\\\/2026\\\/02\\\/4202520396-01.jpg\",\"datePublished\":\"2026-01-07T04:14:07+00:00\",\"dateModified\":\"2026-04-18T04:28:04+00:00\",\"breadcrumb\":{\"@id\":\"https:\\\/\\\/poivre-blanc.com\\\/be\\\/produit\\\/salopette-de-ski-petite-fille\\\/#breadcrumb\"},\"inLanguage\":\"fr-FR\",\"potentialAction\":[{\"@type\":\"ReadAction\",\"target\":[\"https:\\\/\\\/poivre-blanc.com\\\/be\\\/produit\\\/salopette-de-ski-petite-fille\\\/\"]}]},{\"@type\":\"ImageObject\",\"inLanguage\":\"fr-FR\",\"@id\":\"https:\\\/\\\/poivre-blanc.com\\\/be\\\/produit\\\/salopette-de-ski-petite-fille\\\/#primaryimage\",\"url\":\"https:\\\/\\\/poivre-blanc.com\\\/be\\\/wp-content\\\/uploads\\\/sites\\\/4\\\/2026\\\/02\\\/4202520396-01.jpg\",\"contentUrl\":\"https:\\\/\\\/poivre-blanc.com\\\/be\\\/wp-content\\\/uploads\\\/sites\\\/4\\\/2026\\\/02\\\/4202520396-01.jpg\",\"width\":1000,\"height\":1500},{\"@type\":\"BreadcrumbList\",\"@id\":\"https:\\\/\\\/poivre-blanc.com\\\/be\\\/produit\\\/salopette-de-ski-petite-fille\\\/#breadcrumb\",\"itemListElement\":[{\"@type\":\"ListItem\",\"position\":1,\"name\":\"Home\",\"item\":\"https:\\\/\\\/poivre-blanc.com\\\/be\\\/\"},{\"@type\":\"ListItem\",\"position\":2,\"name\":\"Produits\",\"item\":\"https:\\\/\\\/poivre-blanc.com\\\/be\\\/shop\\\/\"},{\"@type\":\"ListItem\",\"position\":3,\"name\":\"Outlet Hiver\",\"item\":\"https:\\\/\\\/poivre-blanc.com\\\/be\\\/nos-produits\\\/outlet-hiver\\\/\"},{\"@type\":\"ListItem\",\"position\":4,\"name\":\"Fille\",\"item\":\"https:\\\/\\\/poivre-blanc.com\\\/be\\\/nos-produits\\\/outlet-hiver\\\/fille\\\/\"},{\"@type\":\"ListItem\",\"position\":5,\"name\":\"Salopette de ski Petite fille\"}]},{\"@type\":\"WebSite\",\"@id\":\"https:\\\/\\\/poivre-blanc.com\\\/be\\\/#website\",\"url\":\"https:\\\/\\\/poivre-blanc.com\\\/be\\\/\",\"name\":\"Poivre Blanc - BE\",\"description\":\"\",\"publisher\":{\"@id\":\"https:\\\/\\\/poivre-blanc.com\\\/be\\\/#organization\"},\"potentialAction\":[{\"@type\":\"SearchAction\",\"target\":{\"@type\":\"EntryPoint\",\"urlTemplate\":\"https:\\\/\\\/poivre-blanc.com\\\/be\\\/?s={search_term_string}\"},\"query-input\":{\"@type\":\"PropertyValueSpecification\",\"valueRequired\":true,\"valueName\":\"search_term_string\"}}],\"inLanguage\":\"fr-FR\"},{\"@type\":\"Organization\",\"@id\":\"https:\\\/\\\/poivre-blanc.com\\\/be\\\/#organization\",\"name\":\"Poivre Blanc - BE\",\"url\":\"https:\\\/\\\/poivre-blanc.com\\\/be\\\/\",\"logo\":{\"@type\":\"ImageObject\",\"inLanguage\":\"fr-FR\",\"@id\":\"https:\\\/\\\/poivre-blanc.com\\\/be\\\/#\\\/schema\\\/logo\\\/image\\\/\",\"url\":\"https:\\\/\\\/poivre-blanc.com\\\/be\\\/wp-content\\\/uploads\\\/sites\\\/4\\\/2023\\\/12\\\/logo-blanc-e1712694389956.png\",\"contentUrl\":\"https:\\\/\\\/poivre-blanc.com\\\/be\\\/wp-content\\\/uploads\\\/sites\\\/4\\\/2023\\\/12\\\/logo-blanc-e1712694389956.png\",\"width\":244,\"height\":43,\"caption\":\"Poivre Blanc - BE\"},\"image\":{\"@id\":\"https:\\\/\\\/poivre-blanc.com\\\/be\\\/#\\\/schema\\\/logo\\\/image\\\/\"}}]}<\/script>\n<meta property=\"og:availability\" content=\"instock\" \/>\n<meta property=\"product:availability\" content=\"instock\" \/>\n<meta property=\"product:retailer_item_id\" content=\"3607971897126-p\" \/>\n<meta property=\"product:condition\" content=\"new\" \/>\n<!-- \/ Yoast SEO plugin. -->","yoast_head_json":{"title":"Salopette de ski Petite fille - Poivre Blanc - BE","robots":{"index":"index","follow":"follow","max-snippet":"max-snippet:-1","max-image-preview":"max-image-preview:large","max-video-preview":"max-video-preview:-1"},"canonical":"https:\/\/poivre-blanc.com\/be\/produit\/salopette-de-ski-petite-fille\/","og_locale":"fr_FR","og_type":"article","og_title":"Salopette de ski Petite fille - Poivre Blanc - BE","og_description":"W23-1024-BBGL\/A Ski Bib Pants","og_url":"https:\/\/poivre-blanc.com\/be\/produit\/salopette-de-ski-petite-fille\/","og_site_name":"Poivre Blanc - BE","article_modified_time":"2026-04-18T04:28:04+00:00","og_image":[{"width":1000,"height":1500,"url":"https:\/\/poivre-blanc.com\/be\/wp-content\/uploads\/sites\/4\/2026\/02\/4202520396-01.jpg","type":"image\/jpeg"}],"twitter_card":"summary_large_image","twitter_misc":{"Disponibilit\u00e9":"En stock"},"schema":{"@context":"https:\/\/schema.org","@graph":[{"@type":["WebPage","ItemPage"],"@id":"https:\/\/poivre-blanc.com\/be\/produit\/salopette-de-ski-petite-fille\/","url":"https:\/\/poivre-blanc.com\/be\/produit\/salopette-de-ski-petite-fille\/","name":"Salopette de ski Petite fille - Poivre Blanc - BE","isPartOf":{"@id":"https:\/\/poivre-blanc.com\/be\/#website"},"primaryImageOfPage":{"@id":"https:\/\/poivre-blanc.com\/be\/produit\/salopette-de-ski-petite-fille\/#primaryimage"},"image":{"@id":"https:\/\/poivre-blanc.com\/be\/produit\/salopette-de-ski-petite-fille\/#primaryimage"},"thumbnailUrl":"https:\/\/poivre-blanc.com\/be\/wp-content\/uploads\/sites\/4\/2026\/02\/4202520396-01.jpg","datePublished":"2026-01-07T04:14:07+00:00","dateModified":"2026-04-18T04:28:04+00:00","breadcrumb":{"@id":"https:\/\/poivre-blanc.com\/be\/produit\/salopette-de-ski-petite-fille\/#breadcrumb"},"inLanguage":"fr-FR","potentialAction":[{"@type":"ReadAction","target":["https:\/\/poivre-blanc.com\/be\/produit\/salopette-de-ski-petite-fille\/"]}]},{"@type":"ImageObject","inLanguage":"fr-FR","@id":"https:\/\/poivre-blanc.com\/be\/produit\/salopette-de-ski-petite-fille\/#primaryimage","url":"https:\/\/poivre-blanc.com\/be\/wp-content\/uploads\/sites\/4\/2026\/02\/4202520396-01.jpg","contentUrl":"https:\/\/poivre-blanc.com\/be\/wp-content\/uploads\/sites\/4\/2026\/02\/4202520396-01.jpg","width":1000,"height":1500},{"@type":"BreadcrumbList","@id":"https:\/\/poivre-blanc.com\/be\/produit\/salopette-de-ski-petite-fille\/#breadcrumb","itemListElement":[{"@type":"ListItem","position":1,"name":"Home","item":"https:\/\/poivre-blanc.com\/be\/"},{"@type":"ListItem","position":2,"name":"Produits","item":"https:\/\/poivre-blanc.com\/be\/shop\/"},{"@type":"ListItem","position":3,"name":"Outlet Hiver","item":"https:\/\/poivre-blanc.com\/be\/nos-produits\/outlet-hiver\/"},{"@type":"ListItem","position":4,"name":"Fille","item":"https:\/\/poivre-blanc.com\/be\/nos-produits\/outlet-hiver\/fille\/"},{"@type":"ListItem","position":5,"name":"Salopette de ski Petite fille"}]},{"@type":"WebSite","@id":"https:\/\/poivre-blanc.com\/be\/#website","url":"https:\/\/poivre-blanc.com\/be\/","name":"Poivre Blanc - BE","description":"","publisher":{"@id":"https:\/\/poivre-blanc.com\/be\/#organization"},"potentialAction":[{"@type":"SearchAction","target":{"@type":"EntryPoint","urlTemplate":"https:\/\/poivre-blanc.com\/be\/?s={search_term_string}"},"query-input":{"@type":"PropertyValueSpecification","valueRequired":true,"valueName":"search_term_string"}}],"inLanguage":"fr-FR"},{"@type":"Organization","@id":"https:\/\/poivre-blanc.com\/be\/#organization","name":"Poivre Blanc - BE","url":"https:\/\/poivre-blanc.com\/be\/","logo":{"@type":"ImageObject","inLanguage":"fr-FR","@id":"https:\/\/poivre-blanc.com\/be\/#\/schema\/logo\/image\/","url":"https:\/\/poivre-blanc.com\/be\/wp-content\/uploads\/sites\/4\/2023\/12\/logo-blanc-e1712694389956.png","contentUrl":"https:\/\/poivre-blanc.com\/be\/wp-content\/uploads\/sites\/4\/2023\/12\/logo-blanc-e1712694389956.png","width":244,"height":43,"caption":"Poivre Blanc - BE"},"image":{"@id":"https:\/\/poivre-blanc.com\/be\/#\/schema\/logo\/image\/"}}]},"og_availability":"instock","product_availability":"instock","product_retailer_item_id":"3607971897126-p","product_condition":"new"},"_links":{"self":[{"href":"https:\/\/poivre-blanc.com\/be\/wp-json\/wp\/v2\/product\/77019","targetHints":{"allow":["GET"]}}],"collection":[{"href":"https:\/\/poivre-blanc.com\/be\/wp-json\/wp\/v2\/product"}],"about":[{"href":"https:\/\/poivre-blanc.com\/be\/wp-json\/wp\/v2\/types\/product"}],"replies":[{"embeddable":true,"href":"https:\/\/poivre-blanc.com\/be\/wp-json\/wp\/v2\/comments?post=77019"}],"wp:featuredmedia":[{"embeddable":true,"href":"https:\/\/poivre-blanc.com\/be\/wp-json\/wp\/v2\/media\/69315"}],"wp:attachment":[{"href":"https:\/\/poivre-blanc.com\/be\/wp-json\/wp\/v2\/media?parent=77019"}],"wp:term":[{"taxonomy":"product_brand","embeddable":true,"href":"https:\/\/poivre-blanc.com\/be\/wp-json\/wp\/v2\/product_brand?post=77019"},{"taxonomy":"product_cat","embeddable":true,"href":"https:\/\/poivre-blanc.com\/be\/wp-json\/wp\/v2\/product_cat?post=77019"},{"taxonomy":"product_tag","embeddable":true,"href":"https:\/\/poivre-blanc.com\/be\/wp-json\/wp\/v2\/product_tag?post=77019"}],"curies":[{"name":"wp","href":"https:\/\/api.w.org\/{rel}","templated":true}]}}